{"id":265,"date":"2020-07-16T14:48:08","date_gmt":"2020-07-16T11:48:08","guid":{"rendered":"http:\/\/optiontapespecialties.taniko.studio\/?page_id=265"},"modified":"2026-01-19T07:50:59","modified_gmt":"2026-01-19T07:50:59","slug":"general-conditions","status":"publish","type":"page","link":"https:\/\/www.optiontapespecialties.com\/fr\/general-conditions\/","title":{"rendered":"Conditions g\u00e9n\u00e9rales"},"content":{"rendered":"\t\t<div data-elementor-type=\"wp-page\" data-elementor-id=\"265\" class=\"elementor elementor-265\" data-elementor-post-type=\"page\">\n\t\t\t\t\t\t<section class=\"elementor-section elementor-top-section elementor-element elementor-element-2375e5f elementor-section-boxed elementor-section-height-default elementor-section-height-default\" data-id=\"2375e5f\" data-element_type=\"section\" data-e-type=\"section\" data-settings=\"{&quot;background_background&quot;:&quot;classic&quot;}\">\n\t\t\t\t\t\t<div class=\"elementor-container elementor-column-gap-default\">\n\t\t\t\t\t<div class=\"elementor-column elementor-col-100 elementor-top-column elementor-element elementor-element-4c3b470\" data-id=\"4c3b470\" data-element_type=\"column\" data-e-type=\"column\">\n\t\t\t<div class=\"elementor-widget-wrap elementor-element-populated\">\n\t\t\t\t\t\t<div class=\"elementor-element elementor-element-fb42832 elementor-widget elementor-widget-heading\" data-id=\"fb42832\" data-element_type=\"widget\" data-e-type=\"widget\" data-widget_type=\"heading.default\">\n\t\t\t\t<div class=\"elementor-widget-container\">\n\t\t\t\t\t<h1 class=\"elementor-heading-title elementor-size-default\">Conditions g\u00e9n\u00e9rales<\/h1>\t\t\t\t<\/div>\n\t\t\t\t<\/div>\n\t\t\t\t\t<\/div>\n\t\t<\/div>\n\t\t\t\t\t<\/div>\n\t\t<\/section>\n\t\t\t\t<section class=\"elementor-section elementor-top-section elementor-element elementor-element-d46433c elementor-section-boxed elementor-section-height-default elementor-section-height-default\" data-id=\"d46433c\" data-element_type=\"section\" data-e-type=\"section\">\n\t\t\t\t\t\t<div class=\"elementor-container elementor-column-gap-default\">\n\t\t\t\t\t<div class=\"elementor-column elementor-col-100 elementor-top-column elementor-element elementor-element-ef9423e\" data-id=\"ef9423e\" data-element_type=\"column\" data-e-type=\"column\">\n\t\t\t<div class=\"elementor-widget-wrap elementor-element-populated\">\n\t\t\t\t\t\t<div class=\"elementor-element elementor-element-15aec45 elementor-widget elementor-widget-text-editor\" data-id=\"15aec45\" data-element_type=\"widget\" data-e-type=\"widget\" data-widget_type=\"text-editor.default\">\n\t\t\t\t<div class=\"elementor-widget-container\">\n\t\t\t\t\t\t\t\t\t<p>Ce site internet est la propri\u00e9t\u00e9 d\u2019Option Tape Specialties<\/p>\n<p>Si\u00e8ge social:<\/p>\n<p><\/p>\n<p>Frankrijkstraat 8<br>9140 Temse<br>Tel.: 0032 3 710 19 19<br>Fax: 0032 3 711 34 64<br>Email: info@optiontapespecialties.com<\/p>\n<p>En visitant et en utilisant ce site internet, vous d\u00e9clarez \u00eatre d\u2019accord avec les conditions g\u00e9n\u00e9rales et vous engagez \u00e0 les respecter.<\/p>\n<p><\/p>\n<p><strong>Droits de propri\u00e9t\u00e9 intellectuelle<br><\/strong><\/p>\n<p>Le contenu de ce site, ainsi que la premi\u00e8re version, la mise en page, la structure, les codes sources, le logiciel, les illustrations, les photos, les animations, les logos, les marques, les dessins, les donn\u00e9es, les noms des produits et entreprises, les documents audiovisuels, les textes, la musique etc. sont prot\u00e9g\u00e9s par les droits intellectuels et sont la propri\u00e9t\u00e9 d\u2019 Option Tape Specialties ou des titulaires et sont prot\u00e9g\u00e9s par les droits de propri\u00e9t\u00e9 intellectuelle comme le droit d&rsquo;auteur, le droit des marques, le droit sui generis du producteur d&rsquo;une banque de donn\u00e9es, etc&#8230;, ce que vous reconnaissez et acceptez. Naviguer sur ce site ne vous octroie aucun de ces droits !<\/p>\n<p>La reproduction compl\u00e8te ou partielle, distribution, vente, publication, modification et\/ou utilisation de ce site et son contenu, quelle qu\u2019en soit la forme et la mani\u00e8re est strictement interdite. La sauvegarde de toute information et\/ou partie de ce site dans une banque de donn\u00e9es digitale ou autre n\u2019est pas autoris\u00e9e, except\u00e9 les donn\u00e9es de capture automatique du navigateur.<\/p>\n<p><\/p>\n<p><b>Conditions g\u00e9n\u00e9rales de vente<\/b><\/p>\n<p>Pour consulter nos conditions g\u00e9n\u00e9rales de vente, rendez-vous sur <a href=\"https:\/\/www.optiontapespecialties.com\/fr\/terms-and-conditions-of-sale\/\">Conditions g\u00e9n\u00e9rales de vente<\/a>.<\/p>\n<p><br><\/p>\t\t\t\t\t\t\t\t<\/div>\n\t\t\t\t<\/div>\n\t\t\t\t\t<\/div>\n\t\t<\/div>\n\t\t\t\t\t<\/div>\n\t\t<\/section>\n\t\t\t\t<\/div>\n\t\t","protected":false},"excerpt":{"rendered":"<p>Conditions g\u00e9n\u00e9rales Ce site internet est la propri\u00e9t\u00e9 d\u2019Option Tape Specialties Si\u00e8ge social: Frankrijkstraat 89140 TemseTel.: 0032 3 710 19 19Fax: 0032 3 711 34 64Email: info@optiontapespecialties.com En visitant et en utilisant ce site internet, vous d\u00e9clarez \u00eatre d\u2019accord avec les conditions g\u00e9n\u00e9rales et vous engagez \u00e0 les respecter. Droits de propri\u00e9t\u00e9 intellectuelle Le contenu [&hellip;]<\/p>\n","protected":false},"author":3,"featured_media":0,"parent":0,"menu_order":0,"comment_status":"closed","ping_status":"closed","template":"","meta":{"_acf_changed":false,"_exactmetrics_skip_tracking":false,"_exactmetrics_sitenote_active":false,"_exactmetrics_sitenote_note":"","_exactmetrics_sitenote_category":0,"_monsterinsights_skip_tracking":false,"_monsterinsights_sitenote_active":false,"_monsterinsights_sitenote_note":"","_monsterinsights_sitenote_category":0,"footnotes":""},"class_list":["post-265","page","type-page","status-publish","hentry"],"acf":[],"aioseo_notices":[],"_links":{"self":[{"href":"https:\/\/www.optiontapespecialties.com\/fr\/wp-json\/wp\/v2\/pages\/265","targetHints":{"allow":["GET"]}}],"collection":[{"href":"https:\/\/www.optiontapespecialties.com\/fr\/wp-json\/wp\/v2\/pages"}],"about":[{"href":"https:\/\/www.optiontapespecialties.com\/fr\/wp-json\/wp\/v2\/types\/page"}],"author":[{"embeddable":true,"href":"https:\/\/www.optiontapespecialties.com\/fr\/wp-json\/wp\/v2\/users\/3"}],"replies":[{"embeddable":true,"href":"https:\/\/www.optiontapespecialties.com\/fr\/wp-json\/wp\/v2\/comments?post=265"}],"version-history":[{"count":4,"href":"https:\/\/www.optiontapespecialties.com\/fr\/wp-json\/wp\/v2\/pages\/265\/revisions"}],"predecessor-version":[{"id":26043,"href":"https:\/\/www.optiontapespecialties.com\/fr\/wp-json\/wp\/v2\/pages\/265\/revisions\/26043"}],"wp:attachment":[{"href":"https:\/\/www.optiontapespecialties.com\/fr\/wp-json\/wp\/v2\/media?parent=265"}],"curies":[{"name":"wp","href":"https:\/\/api.w.org\/{rel}","templated":true}]}}