{"id":267,"date":"2020-07-16T14:48:38","date_gmt":"2020-07-16T11:48:38","guid":{"rendered":"http:\/\/optiontapespecialties.taniko.studio\/?page_id=267"},"modified":"2021-10-01T10:39:00","modified_gmt":"2021-10-01T10:39:00","slug":"disclaimer","status":"publish","type":"page","link":"https:\/\/www.optiontapespecialties.com\/fr\/disclaimer\/","title":{"rendered":"Clause de non responsabilit\u00e9"},"content":{"rendered":"\t\t<div data-elementor-type=\"wp-page\" data-elementor-id=\"267\" class=\"elementor elementor-267\" data-elementor-post-type=\"page\">\n\t\t\t\t\t\t<section class=\"elementor-section elementor-top-section elementor-element elementor-element-c62f752 elementor-section-boxed elementor-section-height-default elementor-section-height-default\" data-id=\"c62f752\" data-element_type=\"section\" data-e-type=\"section\" data-settings=\"{&quot;background_background&quot;:&quot;classic&quot;}\">\n\t\t\t\t\t\t<div class=\"elementor-container elementor-column-gap-default\">\n\t\t\t\t\t<div class=\"elementor-column elementor-col-100 elementor-top-column elementor-element elementor-element-e29b883\" data-id=\"e29b883\" data-element_type=\"column\" data-e-type=\"column\">\n\t\t\t<div class=\"elementor-widget-wrap elementor-element-populated\">\n\t\t\t\t\t\t<div class=\"elementor-element elementor-element-e7a4878 elementor-widget elementor-widget-heading\" data-id=\"e7a4878\" data-element_type=\"widget\" data-e-type=\"widget\" data-widget_type=\"heading.default\">\n\t\t\t\t<div class=\"elementor-widget-container\">\n\t\t\t\t\t<h1 class=\"elementor-heading-title elementor-size-default\">Clause de non responsabilit\u00e9\n<\/h1>\t\t\t\t<\/div>\n\t\t\t\t<\/div>\n\t\t\t\t\t<\/div>\n\t\t<\/div>\n\t\t\t\t\t<\/div>\n\t\t<\/section>\n\t\t\t\t<section class=\"elementor-section elementor-top-section elementor-element elementor-element-6f1c8db elementor-section-boxed elementor-section-height-default elementor-section-height-default\" data-id=\"6f1c8db\" data-element_type=\"section\" data-e-type=\"section\">\n\t\t\t\t\t\t<div class=\"elementor-container elementor-column-gap-default\">\n\t\t\t\t\t<div class=\"elementor-column elementor-col-100 elementor-top-column elementor-element elementor-element-f7fb90f\" data-id=\"f7fb90f\" data-element_type=\"column\" data-e-type=\"column\">\n\t\t\t<div class=\"elementor-widget-wrap elementor-element-populated\">\n\t\t\t\t\t\t<div class=\"elementor-element elementor-element-da620e8 elementor-widget elementor-widget-text-editor\" data-id=\"da620e8\" data-element_type=\"widget\" data-e-type=\"widget\" data-widget_type=\"text-editor.default\">\n\t\t\t\t<div class=\"elementor-widget-container\">\n\t\t\t\t\t\t\t\t\t<p><strong>Limitation de responsabilit\u00e9<br \/><\/strong><\/p><p>Les informations sur ce site sont de nature g\u00e9n\u00e9rale. Les informations ne sont pas adapt\u00e9es \u00e0 des circonstances personnelles ou sp\u00e9cifiques, et ne peuvent donc jamais \u00eatre consid\u00e9r\u00e9es comme des conseils personnels, professionnels ou juridiques pour l&rsquo;utilisateur.<\/p><p>Option Tape Specialties s\u2019efforce \u00e0 ce que les informations donn\u00e9es soient compl\u00e8tes, correctes, pr\u00e9cises et mises \u00e0 jour. En d\u00e9pit de ces efforts, les informations fournies peuvent contenir des erreurs. Au cas o\u00f9 ces informations contiendraient des erreurs ou si certaines informations du site se trouvaient indisponibles, Option Tape Specialties mettra tout en \u0153uvre afin de rectifier ceci aussi vite que possible.<\/p><p>Option Tape Specialties ne peut pas tenu pour responsable pour les dommages directs ou indirects, r\u00e9sultant de l\u2019utilisation des informations contenues sur le site. Dans le cas o\u00f9 vous rencontrez des erreurs dans les informations fournies par le site, veuillez prendre contact avec<a href=\"mailto:info@optiontapespecialties.com\"> l\u2019administrateur du site<\/a>.<\/p><p>Le contenu de ce site (liens inclus) peut \u00e0 tout moment \u00eatre adapt\u00e9, modifi\u00e9 ou compl\u00e9t\u00e9, sans annonce ou communication. Option Tape Specialties ne garantit pas le bon fonctionnement de ce site internet et ne peut en aucun cas \u00eatre tenu pour responsable pour tout dysfonctionnement ou indisponibilit\u00e9 temporaire du site internet, ni pour tout autre type de dommages, directs ou indirects, r\u00e9sultant de l\u2019acc\u00e8s au site internet ou de son utilisation.<\/p><p>Option Tape Specialties ne peut en aucun cas \u00eatre tenu pour responsable des dommages directs, indirects ou de quelque nature que ce soit, inflig\u00e9s aux personnes utilisant ce site ou ses liens et hyperliens. Les dommages incluent, sans restriction, toutes les pertes, interruptions de travail, endommagements du mat\u00e9riel informatique, des programmes et des logiciels de l\u2019utilisateur ou autre personne.<br \/>Le site internet peut contenir des hyperliens vers des sites internet ou pages de tiers, ou s\u2019y r\u00e9f\u00e9rer indirectement. Faire mention de ces liens n&rsquo;implique d\u2019aucune fa\u00e7on l\u2019approbation de leurs contenus de mani\u00e8re implicite.<\/p><p>Option Tape Specialties d\u00e9clare explicitement qu&rsquo;elle n&rsquo;a pas son mot \u00e0 dire sur le contenu ou les autres caract\u00e9ristiques de ces sites et qu&rsquo;elle ne peut jamais \u00eatre rendue responsable pour le contenu ou les autres caract\u00e9ristiques de ces sites internet, ainsi que pour toute autre forme de dommage occasionn\u00e9e par leur utilisation.<\/p><p><\/p><p><strong>Droit applicable et tribunaux comp\u00e9tents <\/strong><\/p><p>Le droit belge est applicable sur ce site. En cas de litige, seuls les tribunaux et Cours belges du district judiciaire de Dendermonde sont comp\u00e9tents. Seule la loi belge est applicable.<\/p><p><\/p>\t\t\t\t\t\t\t\t<\/div>\n\t\t\t\t<\/div>\n\t\t\t\t\t<\/div>\n\t\t<\/div>\n\t\t\t\t\t<\/div>\n\t\t<\/section>\n\t\t\t\t<section class=\"elementor-section elementor-top-section elementor-element elementor-element-ca0f398 elementor-section-boxed elementor-section-height-default elementor-section-height-default\" data-id=\"ca0f398\" data-element_type=\"section\" data-e-type=\"section\">\n\t\t\t\t\t\t<div class=\"elementor-container elementor-column-gap-default\">\n\t\t\t\t\t<div class=\"elementor-column elementor-col-100 elementor-top-column elementor-element elementor-element-83a5f5c\" data-id=\"83a5f5c\" data-element_type=\"column\" data-e-type=\"column\">\n\t\t\t<div class=\"elementor-widget-wrap elementor-element-populated\">\n\t\t\t\t\t\t<div class=\"elementor-element elementor-element-7464477 elementor-widget elementor-widget-text-editor\" data-id=\"7464477\" data-element_type=\"widget\" data-e-type=\"widget\" data-widget_type=\"text-editor.default\">\n\t\t\t\t<div class=\"elementor-widget-container\">\n\t\t\t\t\t\t\t\t\t<i>Cette version de clause de non responsabilit\u00e9 est entr\u00e9e en vigueur le\n:<\/i>\t\t\t\t\t\t\t\t<\/div>\n\t\t\t\t<\/div>\n\t\t\t\t<div class=\"elementor-element elementor-element-92980b5 elementor-widget elementor-widget-text-editor\" data-id=\"92980b5\" data-element_type=\"widget\" data-e-type=\"widget\" data-widget_type=\"text-editor.default\">\n\t\t\t\t<div class=\"elementor-widget-container\">\n\t\t\t\t\t\t\t\t\tOctober 1, 2021\t\t\t\t\t\t\t\t<\/div>\n\t\t\t\t<\/div>\n\t\t\t\t\t<\/div>\n\t\t<\/div>\n\t\t\t\t\t<\/div>\n\t\t<\/section>\n\t\t\t\t<section class=\"elementor-section elementor-top-section elementor-element elementor-element-0832b9b elementor-section-boxed elementor-section-height-default elementor-section-height-default\" data-id=\"0832b9b\" data-element_type=\"section\" data-e-type=\"section\">\n\t\t\t\t\t\t<div class=\"elementor-container elementor-column-gap-default\">\n\t\t\t\t\t<div class=\"elementor-column elementor-col-25 elementor-top-column elementor-element elementor-element-0a1a824 copyright\" data-id=\"0a1a824\" data-element_type=\"column\" data-e-type=\"column\">\n\t\t\t<div class=\"elementor-widget-wrap elementor-element-populated\">\n\t\t\t\t\t\t<div class=\"elementor-element elementor-element-4fd3f0a elementor-widget elementor-widget-text-editor\" data-id=\"4fd3f0a\" data-element_type=\"widget\" data-e-type=\"widget\" data-widget_type=\"text-editor.default\">\n\t\t\t\t<div class=\"elementor-widget-container\">\n\t\t\t\t\t\t\t\t\t<p>\u00a9<\/p>\t\t\t\t\t\t\t\t<\/div>\n\t\t\t\t<\/div>\n\t\t\t\t\t<\/div>\n\t\t<\/div>\n\t\t\t\t<div class=\"elementor-column elementor-col-25 elementor-top-column elementor-element elementor-element-3a54e47 copyright_yeah\" data-id=\"3a54e47\" data-element_type=\"column\" data-e-type=\"column\">\n\t\t\t<div class=\"elementor-widget-wrap elementor-element-populated\">\n\t\t\t\t\t\t<div class=\"elementor-element elementor-element-e18a38b elementor-widget elementor-widget-text-editor\" data-id=\"e18a38b\" data-element_type=\"widget\" data-e-type=\"widget\" data-widget_type=\"text-editor.default\">\n\t\t\t\t<div class=\"elementor-widget-container\">\n\t\t\t\t\t\t\t\t\t2026\t\t\t\t\t\t\t\t<\/div>\n\t\t\t\t<\/div>\n\t\t\t\t\t<\/div>\n\t\t<\/div>\n\t\t\t\t<div class=\"elementor-column elementor-col-50 elementor-top-column elementor-element elementor-element-249bb62\" data-id=\"249bb62\" data-element_type=\"column\" data-e-type=\"column\">\n\t\t\t<div class=\"elementor-widget-wrap elementor-element-populated\">\n\t\t\t\t\t\t<div class=\"elementor-element elementor-element-d771a48 elementor-widget elementor-widget-text-editor\" data-id=\"d771a48\" data-element_type=\"widget\" data-e-type=\"widget\" data-widget_type=\"text-editor.default\">\n\t\t\t\t<div class=\"elementor-widget-container\">\n\t\t\t\t\t\t\t\t\tOption Tape Specialties. Tous droits r\u00e9serv\u00e9s.\n\t\t\t\t\t\t\t\t<\/div>\n\t\t\t\t<\/div>\n\t\t\t\t\t<\/div>\n\t\t<\/div>\n\t\t\t\t\t<\/div>\n\t\t<\/section>\n\t\t\t\t<\/div>\n\t\t","protected":false},"excerpt":{"rendered":"<p>Clause de non responsabilit\u00e9 Limitation de responsabilit\u00e9 Les informations sur ce site sont de nature g\u00e9n\u00e9rale. Les informations ne sont pas adapt\u00e9es \u00e0 des circonstances personnelles ou sp\u00e9cifiques, et ne peuvent donc jamais \u00eatre consid\u00e9r\u00e9es comme des conseils personnels, professionnels ou juridiques pour l&rsquo;utilisateur. Option Tape Specialties s\u2019efforce \u00e0 ce que les informations donn\u00e9es soient [&hellip;]<\/p>\n","protected":false},"author":3,"featured_media":0,"parent":0,"menu_order":0,"comment_status":"closed","ping_status":"closed","template":"","meta":{"_acf_changed":false,"_exactmetrics_skip_tracking":false,"_exactmetrics_sitenote_active":false,"_exactmetrics_sitenote_note":"","_exactmetrics_sitenote_category":0,"_monsterinsights_skip_tracking":false,"_monsterinsights_sitenote_active":false,"_monsterinsights_sitenote_note":"","_monsterinsights_sitenote_category":0,"footnotes":""},"class_list":["post-267","page","type-page","status-publish","hentry"],"acf":[],"aioseo_notices":[],"_links":{"self":[{"href":"https:\/\/www.optiontapespecialties.com\/fr\/wp-json\/wp\/v2\/pages\/267","targetHints":{"allow":["GET"]}}],"collection":[{"href":"https:\/\/www.optiontapespecialties.com\/fr\/wp-json\/wp\/v2\/pages"}],"about":[{"href":"https:\/\/www.optiontapespecialties.com\/fr\/wp-json\/wp\/v2\/types\/page"}],"author":[{"embeddable":true,"href":"https:\/\/www.optiontapespecialties.com\/fr\/wp-json\/wp\/v2\/users\/3"}],"replies":[{"embeddable":true,"href":"https:\/\/www.optiontapespecialties.com\/fr\/wp-json\/wp\/v2\/comments?post=267"}],"version-history":[{"count":8,"href":"https:\/\/www.optiontapespecialties.com\/fr\/wp-json\/wp\/v2\/pages\/267\/revisions"}],"predecessor-version":[{"id":4389,"href":"https:\/\/www.optiontapespecialties.com\/fr\/wp-json\/wp\/v2\/pages\/267\/revisions\/4389"}],"wp:attachment":[{"href":"https:\/\/www.optiontapespecialties.com\/fr\/wp-json\/wp\/v2\/media?parent=267"}],"curies":[{"name":"wp","href":"https:\/\/api.w.org\/{rel}","templated":true}]}}