{"id":269,"date":"2020-07-16T14:49:06","date_gmt":"2020-07-16T11:49:06","guid":{"rendered":"http:\/\/optiontapespecialties.taniko.studio\/?page_id=269"},"modified":"2020-09-07T17:33:52","modified_gmt":"2020-09-07T17:33:52","slug":"privacy","status":"publish","type":"page","link":"https:\/\/www.optiontapespecialties.com\/fr\/privacy\/","title":{"rendered":"D\u00e9claration de confidentialit\u00e9"},"content":{"rendered":"\t\t<div data-elementor-type=\"wp-page\" data-elementor-id=\"269\" class=\"elementor elementor-269\" data-elementor-post-type=\"page\">\n\t\t\t\t\t\t<section class=\"elementor-section elementor-top-section elementor-element elementor-element-22007da elementor-section-boxed elementor-section-height-default elementor-section-height-default\" data-id=\"22007da\" data-element_type=\"section\" data-e-type=\"section\" data-settings=\"{&quot;background_background&quot;:&quot;classic&quot;}\">\n\t\t\t\t\t\t<div class=\"elementor-container elementor-column-gap-default\">\n\t\t\t\t\t<div class=\"elementor-column elementor-col-100 elementor-top-column elementor-element elementor-element-e6bf8c4\" data-id=\"e6bf8c4\" data-element_type=\"column\" data-e-type=\"column\">\n\t\t\t<div class=\"elementor-widget-wrap elementor-element-populated\">\n\t\t\t\t\t\t<div class=\"elementor-element elementor-element-5a24a73 elementor-widget elementor-widget-heading\" data-id=\"5a24a73\" data-element_type=\"widget\" data-e-type=\"widget\" data-widget_type=\"heading.default\">\n\t\t\t\t<div class=\"elementor-widget-container\">\n\t\t\t\t\t<h1 class=\"elementor-heading-title elementor-size-default\">D\u00e9claration de confifentialit\u00e9<\/h1>\t\t\t\t<\/div>\n\t\t\t\t<\/div>\n\t\t\t\t\t<\/div>\n\t\t<\/div>\n\t\t\t\t\t<\/div>\n\t\t<\/section>\n\t\t\t\t<section class=\"elementor-section elementor-top-section elementor-element elementor-element-ec7c6fc elementor-section-boxed elementor-section-height-default elementor-section-height-default\" data-id=\"ec7c6fc\" data-element_type=\"section\" data-e-type=\"section\">\n\t\t\t\t\t\t<div class=\"elementor-container elementor-column-gap-default\">\n\t\t\t\t\t<div class=\"elementor-column elementor-col-100 elementor-top-column elementor-element elementor-element-6d48cf1\" data-id=\"6d48cf1\" data-element_type=\"column\" data-e-type=\"column\">\n\t\t\t<div class=\"elementor-widget-wrap elementor-element-populated\">\n\t\t\t\t\t\t<div class=\"elementor-element elementor-element-b9517b0 elementor-widget elementor-widget-text-editor\" data-id=\"b9517b0\" data-element_type=\"widget\" data-e-type=\"widget\" data-widget_type=\"text-editor.default\">\n\t\t\t\t<div class=\"elementor-widget-container\">\n\t\t\t\t\t\t\t\t\t<p>Option Tape Specialties traite des donn\u00e9es \u00e0 caract\u00e8re personnel conform\u00e9ment \u00e0 la pr\u00e9sente d\u00e9claration relative \u00e0 la protection de la vie priv\u00e9e. Pour plus d&rsquo;informations ou en cas de questions ou remarques concernant notre politique relative \u00e0 la protection de la vie priv\u00e9e, vous pouvez nous contacter via <a href=\"mailto:info@optiontapespecialties.com\">info@optiontapespecialties.com<\/a><\/p><p><\/p><p><strong>Finalit\u00e9s du traitement<\/strong><\/p><p>Option Tape Specialties collecte et traite les donn\u00e9es \u00e0 caract\u00e8re personnel de clients \u00e0 des fins de gestion de client\u00e8le et de commandes (notamment administration des clients, suivi des commandes\/livraisons, facturation, contr\u00f4le de la solvabilit\u00e9, profilage, envoi de marketing et de publicit\u00e9 personnalis\u00e9e).<\/p><p><\/p><p><strong>Fondement(s) juridique(s) du traitement<\/strong><\/p><p>Les donn\u00e9es \u00e0 caract\u00e8re personnel sont trait\u00e9es en vertu de l&rsquo;article 6.1.<br \/>(a) consentement<br \/>(b) n\u00e9cessaire pour l&rsquo;ex\u00e9cution d&rsquo;un contrat,<br \/>(f) n\u00e9cessaire pour la d\u00e9fense de notre int\u00e9r\u00eat l\u00e9gitime \u00e0 entreprendre<\/p><p>du R\u00e8glement g\u00e9n\u00e9ral pour la protection des donn\u00e9es.<\/p><p>Dans la mesure o\u00f9 le traitement de donn\u00e9es \u00e0 caract\u00e8re personnel a lieu en vertu de l&rsquo;article 6.1. a) consentement, le client a toujours le droit de retirer le consentement accord\u00e9<\/p><p><\/p><p><strong>Transmission \u00e0 des tiers<\/strong><\/p><p>Si cela est n\u00e9cessaire pour la r\u00e9alisation des objectifs fix\u00e9s, les donn\u00e9es \u00e0 caract\u00e8re personnel du client seront partag\u00e9es au sein de l&rsquo;Espace Economique Europ\u00e9en avec d&rsquo;autres soci\u00e9t\u00e9s (du groupe Option Tape Specialties) qui sont directement ou indirectement li\u00e9es \u00e0 Option Tape Specialties ou \u00e0 tout autre de ses partenaires.<\/p><p>Option Tape Specialties garantit que ces b\u00e9n\u00e9ficiaires prendront les mesures techniques et organisationnelles n\u00e9cessaires pour prot\u00e9ger les donn\u00e9es \u00e0 caract\u00e8re personnel.<\/p><p><\/p><p><strong>Dur\u00e9e de conservation<\/strong><\/p><p>Les donn\u00e9es \u00e0 caract\u00e8re personnel trait\u00e9es \u00e0 des fins de gestion de la client\u00e8le seront conserv\u00e9es durant le d\u00e9lai n\u00e9cessaire pour satisfaire aux exigences l\u00e9gales (notamment sur le plan de la comptabilit\u00e9).<\/p><p><\/p><p><strong>Droit de consultation, de rectification, de suppression, de limitation, d&rsquo;opposition et de transmissibilit\u00e9 de donn\u00e9es \u00e0 caract\u00e8re personnel<\/strong><\/p><p>Le client a le droit, \u00e0 tout moment, de consulter ses donn\u00e9es \u00e0 caract\u00e8re personnel et peut les rectifier\/faire rectifier si elles sont incorrectes ou incompl\u00e8tes, les faire supprimer, en limiter le traitement et s&rsquo;opposer \u00e0 leur traitement en vertu de l&rsquo;article 6.1 (f), y compris le profilage sur la base desdites dispositions.<\/p><p>Le client a en outre le droit d&rsquo;obtenir une copie (dans un format structur\u00e9, standard et lisible \u00e0 la machine) de ses donn\u00e9es \u00e0 caract\u00e8re personnel et de les faire envoyer \u00e0 une autre soci\u00e9t\u00e9.<\/p><p>Afin d&rsquo;exercer les droits susmentionn\u00e9s, il est demand\u00e9 au client d&rsquo;envoyer un e-mail \u00e0 l&rsquo;adresse suivante: <a href=\"mailto:info@optiontapespecialties.com\">info@optiontapespecialties.com<\/a>.<\/p><p><\/p><p><strong>Marketing direct<\/strong><\/p><p>Le client a le droit de s&rsquo;opposer gratuitement \u00e0 tout traitement de ses donn\u00e9es \u00e0 caract\u00e8re personnel \u00e0 des fins de marketing direct.<\/p><p><\/p><p><strong>Plainte<\/strong><\/p><p>Le client a le droit de d\u00e9poser plainte aupr\u00e8s de la Commission de la protection de la vie priv\u00e9e belge (Rue de la Presse 35, 1000 Bruxelles &#8211; <a href=\"mailto:commission@privacycommission.be\">commission@privacycommission.be<\/a>).<\/p><p><\/p><p><strong>L&rsquo;utilisation des \u2018cookies&rsquo; <\/strong><\/p><p>Durant la visite du site internet, des cookies peuvent s\u2019installer sur le disque dur de votre ordinateur afin de rendre le site plus r\u00e9actif aux besoins des visiteurs r\u00e9currents.\u00a0Ces mini fichiers ou cookies ne sont pas utilis\u00e9s pour surveiller le comportement des visiteurs sur d\u2019autres sites internet. Votre navigateur vous permet d&#8217;emp\u00eacher l&rsquo;usage des cookies, de recevoir un avertissement quand un cookie s&rsquo;est install\u00e9 ou d&rsquo;enlever les cookies du disque dur. Pour ceci, veuillez consulter la fonction d\u2019aide de votre navigateur.<\/p><p><\/p>\t\t\t\t\t\t\t\t<\/div>\n\t\t\t\t<\/div>\n\t\t\t\t\t<\/div>\n\t\t<\/div>\n\t\t\t\t\t<\/div>\n\t\t<\/section>\n\t\t\t\t<\/div>\n\t\t","protected":false},"excerpt":{"rendered":"<p>D\u00e9claration de confifentialit\u00e9 Option Tape Specialties traite des donn\u00e9es \u00e0 caract\u00e8re personnel conform\u00e9ment \u00e0 la pr\u00e9sente d\u00e9claration relative \u00e0 la protection de la vie priv\u00e9e. Pour plus d&rsquo;informations ou en cas de questions ou remarques concernant notre politique relative \u00e0 la protection de la vie priv\u00e9e, vous pouvez nous contacter via info@optiontapespecialties.com Finalit\u00e9s du traitement [&hellip;]<\/p>\n","protected":false},"author":3,"featured_media":0,"parent":0,"menu_order":0,"comment_status":"closed","ping_status":"closed","template":"","meta":{"_acf_changed":false,"_exactmetrics_skip_tracking":false,"_exactmetrics_sitenote_active":false,"_exactmetrics_sitenote_note":"","_exactmetrics_sitenote_category":0,"_monsterinsights_skip_tracking":false,"_monsterinsights_sitenote_active":false,"_monsterinsights_sitenote_note":"","_monsterinsights_sitenote_category":0,"footnotes":""},"class_list":["post-269","page","type-page","status-publish","hentry"],"acf":[],"aioseo_notices":[],"_links":{"self":[{"href":"https:\/\/www.optiontapespecialties.com\/fr\/wp-json\/wp\/v2\/pages\/269","targetHints":{"allow":["GET"]}}],"collection":[{"href":"https:\/\/www.optiontapespecialties.com\/fr\/wp-json\/wp\/v2\/pages"}],"about":[{"href":"https:\/\/www.optiontapespecialties.com\/fr\/wp-json\/wp\/v2\/types\/page"}],"author":[{"embeddable":true,"href":"https:\/\/www.optiontapespecialties.com\/fr\/wp-json\/wp\/v2\/users\/3"}],"replies":[{"embeddable":true,"href":"https:\/\/www.optiontapespecialties.com\/fr\/wp-json\/wp\/v2\/comments?post=269"}],"version-history":[{"count":1,"href":"https:\/\/www.optiontapespecialties.com\/fr\/wp-json\/wp\/v2\/pages\/269\/revisions"}],"predecessor-version":[{"id":3599,"href":"https:\/\/www.optiontapespecialties.com\/fr\/wp-json\/wp\/v2\/pages\/269\/revisions\/3599"}],"wp:attachment":[{"href":"https:\/\/www.optiontapespecialties.com\/fr\/wp-json\/wp\/v2\/media?parent=269"}],"curies":[{"name":"wp","href":"https:\/\/api.w.org\/{rel}","templated":true}]}}