{"id":645,"date":"2020-07-22T20:29:43","date_gmt":"2020-07-22T17:29:43","guid":{"rendered":"http:\/\/optiontapespecialties.taniko.studio\/?page_id=645"},"modified":"2020-09-02T14:00:01","modified_gmt":"2020-09-02T14:00:01","slug":"sitemap","status":"publish","type":"page","link":"https:\/\/www.optiontapespecialties.com\/fr\/sitemap\/","title":{"rendered":"Plan du site"},"content":{"rendered":"\t\t<div data-elementor-type=\"wp-page\" data-elementor-id=\"645\" class=\"elementor elementor-645\" data-elementor-post-type=\"page\">\n\t\t\t\t\t\t<section class=\"elementor-section elementor-top-section elementor-element elementor-element-613cfeb elementor-section-boxed elementor-section-height-default elementor-section-height-default\" data-id=\"613cfeb\" data-element_type=\"section\" data-e-type=\"section\" data-settings=\"{&quot;background_background&quot;:&quot;classic&quot;}\">\n\t\t\t\t\t\t<div class=\"elementor-container elementor-column-gap-default\">\n\t\t\t\t\t<div class=\"elementor-column elementor-col-100 elementor-top-column elementor-element elementor-element-2c732cc\" data-id=\"2c732cc\" data-element_type=\"column\" data-e-type=\"column\">\n\t\t\t<div class=\"elementor-widget-wrap elementor-element-populated\">\n\t\t\t\t\t\t<div class=\"elementor-element elementor-element-5d400a2 elementor-widget elementor-widget-heading\" data-id=\"5d400a2\" data-element_type=\"widget\" data-e-type=\"widget\" data-widget_type=\"heading.default\">\n\t\t\t\t<div class=\"elementor-widget-container\">\n\t\t\t\t\t<h1 class=\"elementor-heading-title elementor-size-default\">Plan du site<\/h1>\t\t\t\t<\/div>\n\t\t\t\t<\/div>\n\t\t\t\t\t<\/div>\n\t\t<\/div>\n\t\t\t\t\t<\/div>\n\t\t<\/section>\n\t\t\t\t<section class=\"elementor-section elementor-top-section elementor-element elementor-element-f0bd61c elementor-section-columns elementor-section-columns_to-headings elementor-section-cards section_pb elementor-section-boxed elementor-section-height-default elementor-section-height-default\" data-id=\"f0bd61c\" data-element_type=\"section\" data-e-type=\"section\">\n\t\t\t\t\t\t<div class=\"elementor-container elementor-column-gap-default\">\n\t\t\t\t\t<div class=\"elementor-column elementor-col-33 elementor-top-column elementor-element elementor-element-f7c2b68\" data-id=\"f7c2b68\" data-element_type=\"column\" data-e-type=\"column\">\n\t\t\t<div class=\"elementor-widget-wrap elementor-element-populated\">\n\t\t\t\t\t\t<div class=\"elementor-element elementor-element-a28891d h3_row col_heading elementor-widget elementor-widget-heading\" data-id=\"a28891d\" data-element_type=\"widget\" data-e-type=\"widget\" data-widget_type=\"heading.default\">\n\t\t\t\t<div class=\"elementor-widget-container\">\n\t\t\t\t\t<h3 class=\"elementor-heading-title elementor-size-default\">Pages<\/h3>\t\t\t\t<\/div>\n\t\t\t\t<\/div>\n\t\t\t\t<div class=\"elementor-element elementor-element-6e8ae74 elementor-widget elementor-widget-sitemap\" data-id=\"6e8ae74\" data-element_type=\"widget\" data-e-type=\"widget\" data-widget_type=\"sitemap.default\">\n\t\t\t\t<div class=\"elementor-widget-container\">\n\t\t\t\t\t<div class=\"elementor-sitemap-wrap\"><div class=\"elementor-sitemap-section\"><h3 class=\"elementor-sitemap-title elementor-sitemap-page-title\">Hide Title<\/h3><ul class=\"elementor-sitemap-list elementor-sitemap-page-list\"><li class=\"elementor-sitemap-item elementor-sitemap-item-page page_item page-item-60\"><a href=\"https:\/\/www.optiontapespecialties.com\/fr\/about-us\/\">Soci\u00e9t\u00e9<\/a><\/li><li class=\"elementor-sitemap-item elementor-sitemap-item-page page_item page-item-62\"><a href=\"https:\/\/www.optiontapespecialties.com\/fr\/contact-us\/\">Contactez-nous<\/a><\/li><li class=\"elementor-sitemap-item elementor-sitemap-item-page page_item page-item-74\"><a href=\"https:\/\/www.optiontapespecialties.com\/fr\/die-cutting\/\">D\u00e9coupe<\/a><\/li><li class=\"elementor-sitemap-item elementor-sitemap-item-page page_item page-item-267\"><a href=\"https:\/\/www.optiontapespecialties.com\/fr\/disclaimer\/\">Clause de non responsabilit\u00e9<\/a><\/li><li class=\"elementor-sitemap-item elementor-sitemap-item-page page_item page-item-265\"><a href=\"https:\/\/www.optiontapespecialties.com\/fr\/general-conditions\/\">Conditions g\u00e9n\u00e9rales<\/a><\/li><li class=\"elementor-sitemap-item elementor-sitemap-item-page page_item page-item-257\"><a href=\"https:\/\/www.optiontapespecialties.com\/fr\/\">Accueil<\/a><\/li><li class=\"elementor-sitemap-item elementor-sitemap-item-page page_item page-item-4035\"><a href=\"https:\/\/www.optiontapespecialties.com\/fr\/bttt_quiz\/\">(English) OTS Basic Technical Tape Training &#8211; Quiz<\/a><\/li><li class=\"elementor-sitemap-item elementor-sitemap-item-page page_item page-item-269\"><a href=\"https:\/\/www.optiontapespecialties.com\/fr\/privacy\/\">D\u00e9claration de confidentialit\u00e9<\/a><\/li><li class=\"elementor-sitemap-item elementor-sitemap-item-page page_item page-item-70\"><a href=\"https:\/\/www.optiontapespecialties.com\/fr\/private-label\/\">Marque propre<\/a><\/li><li class=\"elementor-sitemap-item elementor-sitemap-item-page page_item page-item-72\"><a href=\"https:\/\/www.optiontapespecialties.com\/fr\/production\/\">Production<\/a><\/li><li class=\"elementor-sitemap-item elementor-sitemap-item-page page_item page-item-271\"><a href=\"https:\/\/www.optiontapespecialties.com\/fr\/terms-and-conditions-of-sale\/\">Conditions g\u00e9n\u00e9rales de vente<\/a><\/li><li class=\"elementor-sitemap-item elementor-sitemap-item-page page_item page-item-6809\"><a href=\"https:\/\/www.optiontapespecialties.com\/fr\/vacature\/\">(Nederlands) Vacature<\/a><\/li><\/ul><\/div><\/div>\t\t\t\t<\/div>\n\t\t\t\t<\/div>\n\t\t\t\t\t<\/div>\n\t\t<\/div>\n\t\t\t\t<div class=\"elementor-column elementor-col-33 elementor-top-column elementor-element elementor-element-03f2523\" data-id=\"03f2523\" data-element_type=\"column\" data-e-type=\"column\">\n\t\t\t<div class=\"elementor-widget-wrap elementor-element-populated\">\n\t\t\t\t\t\t<div class=\"elementor-element elementor-element-68fe191 h3_row col_heading elementor-widget elementor-widget-heading\" data-id=\"68fe191\" data-element_type=\"widget\" data-e-type=\"widget\" data-widget_type=\"heading.default\">\n\t\t\t\t<div class=\"elementor-widget-container\">\n\t\t\t\t\t<h3 class=\"elementor-heading-title elementor-size-default\">March\u00e9s<\/h3>\t\t\t\t<\/div>\n\t\t\t\t<\/div>\n\t\t\t\t<div class=\"elementor-element elementor-element-9941981 elementor-widget elementor-widget-shortcode\" data-id=\"9941981\" data-element_type=\"widget\" data-e-type=\"widget\" data-widget_type=\"shortcode.default\">\n\t\t\t\t<div class=\"elementor-widget-container\">\n\t\t\t\t\t\t\t<div class=\"elementor-shortcode\">\n<ul class=\"sc-menu-markets\">\n            <li class=\"sc-menu-markets-item\">\n            <a href=\"\/products\/?get_market=Apr\u00e8s-vente automobile\" class=\"sc-menu-markets-link\">\n                Apr\u00e8s-vente automobile            <\/a>\n        <\/li>\n            <li class=\"sc-menu-markets-item\">\n            <a href=\"\/products\/?get_market=Construction et b\u00e2timent\" class=\"sc-menu-markets-link\">\n                Construction et b\u00e2timent            <\/a>\n        <\/li>\n            <li class=\"sc-menu-markets-item\">\n            <a href=\"\/products\/?get_market=Maintenance industrielle\" class=\"sc-menu-markets-link\">\n                Maintenance industrielle            <\/a>\n        <\/li>\n            <li class=\"sc-menu-markets-item\">\n            <a href=\"\/products\/?get_market=Solutions de collage industriel\" class=\"sc-menu-markets-link\">\n                Solutions de collage industriel            <\/a>\n        <\/li>\n            <li class=\"sc-menu-markets-item\">\n            <a href=\"\/products\/?get_market=Son et lumi\u00e8re\" class=\"sc-menu-markets-link\">\n                Son et lumi\u00e8re            <\/a>\n        <\/li>\n            <li class=\"sc-menu-markets-item\">\n            <a href=\"\/products\/?get_market=S\u00e9curit\u00e9\" class=\"sc-menu-markets-link\">\n                S\u00e9curit\u00e9            <\/a>\n        <\/li>\n            <li class=\"sc-menu-markets-item\">\n            <a href=\"\/products\/?get_market=Tapis et expo\" class=\"sc-menu-markets-link\">\n                Tapis et expo            <\/a>\n        <\/li>\n    <\/ul>\n<\/div>\n\t\t\t\t\t\t<\/div>\n\t\t\t\t<\/div>\n\t\t\t\t\t<\/div>\n\t\t<\/div>\n\t\t\t\t<div class=\"elementor-column elementor-col-33 elementor-top-column elementor-element elementor-element-4988b95\" data-id=\"4988b95\" data-element_type=\"column\" data-e-type=\"column\">\n\t\t\t<div class=\"elementor-widget-wrap elementor-element-populated\">\n\t\t\t\t\t\t<div class=\"elementor-element elementor-element-464cdc9 h3_row col_heading elementor-widget elementor-widget-heading\" data-id=\"464cdc9\" data-element_type=\"widget\" data-e-type=\"widget\" data-widget_type=\"heading.default\">\n\t\t\t\t<div class=\"elementor-widget-container\">\n\t\t\t\t\t<h3 class=\"elementor-heading-title elementor-size-default\">Produits<\/h3>\t\t\t\t<\/div>\n\t\t\t\t<\/div>\n\t\t\t\t<div class=\"elementor-element elementor-element-d7b3a66 elementor-widget elementor-widget-shortcode\" data-id=\"d7b3a66\" data-element_type=\"widget\" data-e-type=\"widget\" data-widget_type=\"shortcode.default\">\n\t\t\t\t<div class=\"elementor-widget-container\">\n\t\t\t\t\t\t\t<div class=\"elementor-shortcode\">\n<ul class=\"sc-menu-products\">\n                <li class=\"sc-menu-products-product\">\n            <a href=\"\/products\/?get_type=Ruban PTFE\" class=\"sc-menu-products-product-link\">\n                Ruban PTFE            <\/a>\n                    <\/li>\n                <li class=\"sc-menu-products-product\">\n            <a href=\"\/products\/?get_type=Rubans adh\u00e9sifs aluminium\" class=\"sc-menu-products-product-link\">\n                Rubans adh\u00e9sifs aluminium            <\/a>\n                    <\/li>\n                <li class=\"sc-menu-products-product\">\n            <a href=\"\/products\/?get_type=Rubans adh\u00e9sifs auto-agrippant et Duogrip\" class=\"sc-menu-products-product-link\">\n                Rubans adh\u00e9sifs auto-agrippant et Duogrip            <\/a>\n                            <ul class=\"sc-menu-products-sub\">\n                                        <li class=\"sc-menu-products-subproduct\">\n                        <a href=\"\/products\/?get_type=Duogrip\" class=\"sc-menu-products-product-link\">\n                            Duogrip                        <\/a>\n                    <\/li>\n                                        <li class=\"sc-menu-products-subproduct\">\n                        <a href=\"\/products\/?get_type=Rubans adh\u00e9sifs auto-agrippant\" class=\"sc-menu-products-product-link\">\n                            Rubans adh\u00e9sifs auto-agrippant                        <\/a>\n                    <\/li>\n                                    <\/ul>\n                    <\/li>\n                <li class=\"sc-menu-products-product\">\n            <a href=\"\/products\/?get_type=Rubans adh\u00e9sifs d\u2019\u00e9tanch\u00e9it\u00e9\" class=\"sc-menu-products-product-link\">\n                Rubans adh\u00e9sifs d\u2019\u00e9tanch\u00e9it\u00e9            <\/a>\n                            <ul class=\"sc-menu-products-sub\">\n                                        <li class=\"sc-menu-products-subproduct\">\n                        <a href=\"\/products\/?get_type=Rubans adh\u00e9sifs butyle\" class=\"sc-menu-products-product-link\">\n                            Rubans adh\u00e9sifs butyle                        <\/a>\n                    <\/li>\n                                        <li class=\"sc-menu-products-subproduct\">\n                        <a href=\"\/products\/?get_type=Rubans adh\u00e9sifs pour banni\u00e8res\" class=\"sc-menu-products-product-link\">\n                            Rubans adh\u00e9sifs pour banni\u00e8res                        <\/a>\n                    <\/li>\n                                        <li class=\"sc-menu-products-subproduct\">\n                        <a href=\"\/products\/?get_type=Rubans adh\u00e9sifs simple face d\u2019\u00e9tanch\u00e9it\u00e9\" class=\"sc-menu-products-product-link\">\n                            Rubans adh\u00e9sifs simple face d\u2019\u00e9tanch\u00e9it\u00e9                        <\/a>\n                    <\/li>\n                                    <\/ul>\n                    <\/li>\n                <li class=\"sc-menu-products-product\">\n            <a href=\"\/products\/?get_type=Rubans adh\u00e9sifs de masquage\" class=\"sc-menu-products-product-link\">\n                Rubans adh\u00e9sifs de masquage            <\/a>\n                            <ul class=\"sc-menu-products-sub\">\n                                        <li class=\"sc-menu-products-subproduct\">\n                        <a href=\"\/products\/?get_type=Rubans adh\u00e9sifs de masquage (cr\u00eape)\" class=\"sc-menu-products-product-link\">\n                            Rubans adh\u00e9sifs de masquage (cr\u00eape)                        <\/a>\n                    <\/li>\n                                        <li class=\"sc-menu-products-subproduct\">\n                        <a href=\"\/products\/?get_type=Rubans adh\u00e9sifs de masquage (mod\u00e8le Trim)\" class=\"sc-menu-products-product-link\">\n                            Rubans adh\u00e9sifs de masquage (mod\u00e8le Trim)                        <\/a>\n                    <\/li>\n                                        <li class=\"sc-menu-products-subproduct\">\n                        <a href=\"\/products\/?get_type=Rubans adh\u00e9sifs de masquage (washi)\" class=\"sc-menu-products-product-link\">\n                            Rubans adh\u00e9sifs de masquage (washi)                        <\/a>\n                    <\/li>\n                                    <\/ul>\n                    <\/li>\n                <li class=\"sc-menu-products-product\">\n            <a href=\"\/products\/?get_type=Rubans adh\u00e9sifs de masquage ligne fine\" class=\"sc-menu-products-product-link\">\n                Rubans adh\u00e9sifs de masquage ligne fine            <\/a>\n                    <\/li>\n                <li class=\"sc-menu-products-product\">\n            <a href=\"\/products\/?get_type=Rubans adh\u00e9sifs double face\" class=\"sc-menu-products-product-link\">\n                Rubans adh\u00e9sifs double face            <\/a>\n                            <ul class=\"sc-menu-products-sub\">\n                                        <li class=\"sc-menu-products-subproduct\">\n                        <a href=\"\/products\/?get_type=Bandes adh\u00e9sives\" class=\"sc-menu-products-product-link\">\n                            Bandes adh\u00e9sives                        <\/a>\n                    <\/li>\n                                        <li class=\"sc-menu-products-subproduct\">\n                        <a href=\"\/products\/?get_type=Rubans adh\u00e9sifs double face de transfert\" class=\"sc-menu-products-product-link\">\n                            Rubans adh\u00e9sifs double face de transfert                        <\/a>\n                    <\/li>\n                                        <li class=\"sc-menu-products-subproduct\">\n                        <a href=\"\/products\/?get_type=Rubans adh\u00e9sifs double face film\" class=\"sc-menu-products-product-link\">\n                            Rubans adh\u00e9sifs double face film                        <\/a>\n                    <\/li>\n                                        <li class=\"sc-menu-products-subproduct\">\n                        <a href=\"\/products\/?get_type=Rubans adh\u00e9sifs double face mousse acrylique\" class=\"sc-menu-products-product-link\">\n                            Rubans adh\u00e9sifs double face mousse acrylique                        <\/a>\n                    <\/li>\n                                        <li class=\"sc-menu-products-subproduct\">\n                        <a href=\"\/products\/?get_type=Rubans adh\u00e9sifs double face mousse PE\" class=\"sc-menu-products-product-link\">\n                            Rubans adh\u00e9sifs double face mousse PE                        <\/a>\n                    <\/li>\n                                        <li class=\"sc-menu-products-subproduct\">\n                        <a href=\"\/products\/?get_type=Rubans adh\u00e9sifs double face mousse polyur\u00e9thane (PU)\" class=\"sc-menu-products-product-link\">\n                            Rubans adh\u00e9sifs double face mousse polyur\u00e9thane (PU)                        <\/a>\n                    <\/li>\n                                        <li class=\"sc-menu-products-subproduct\">\n                        <a href=\"\/products\/?get_type=Rubans adh\u00e9sifs double face non tiss\u00e9s\" class=\"sc-menu-products-product-link\">\n                            Rubans adh\u00e9sifs double face non tiss\u00e9s                        <\/a>\n                    <\/li>\n                                        <li class=\"sc-menu-products-subproduct\">\n                        <a href=\"\/products\/?get_type=Rubans adh\u00e9sifs double face toil\u00e9s\" class=\"sc-menu-products-product-link\">\n                            Rubans adh\u00e9sifs double face toil\u00e9s                        <\/a>\n                    <\/li>\n                                    <\/ul>\n                    <\/li>\n                <li class=\"sc-menu-products-product\">\n            <a href=\"\/products\/?get_type=Rubans adh\u00e9sifs films\" class=\"sc-menu-products-product-link\">\n                Rubans adh\u00e9sifs films            <\/a>\n                            <ul class=\"sc-menu-products-sub\">\n                                        <li class=\"sc-menu-products-subproduct\">\n                        <a href=\"\/products\/?get_type=Films de protection\" class=\"sc-menu-products-product-link\">\n                            Films de protection                        <\/a>\n                    <\/li>\n                                        <li class=\"sc-menu-products-subproduct\">\n                        <a href=\"\/products\/?get_type=Films PET\" class=\"sc-menu-products-product-link\">\n                            Films PET                        <\/a>\n                    <\/li>\n                                        <li class=\"sc-menu-products-subproduct\">\n                        <a href=\"\/products\/?get_type=Rubans adh\u00e9sifs de protection de verre\" class=\"sc-menu-products-product-link\">\n                            Rubans adh\u00e9sifs de protection de verre                        <\/a>\n                    <\/li>\n                                        <li class=\"sc-menu-products-subproduct\">\n                        <a href=\"\/products\/?get_type=Rubans adh\u00e9sifs PE\" class=\"sc-menu-products-product-link\">\n                            Rubans adh\u00e9sifs PE                        <\/a>\n                    <\/li>\n                                        <li class=\"sc-menu-products-subproduct\">\n                        <a href=\"\/products\/?get_type=Rubans adh\u00e9sifs PVC\" class=\"sc-menu-products-product-link\">\n                            Rubans adh\u00e9sifs PVC                        <\/a>\n                    <\/li>\n                                    <\/ul>\n                    <\/li>\n                <li class=\"sc-menu-products-product\">\n            <a href=\"\/products\/?get_type=Rubans adh\u00e9sifs isolants\" class=\"sc-menu-products-product-link\">\n                Rubans adh\u00e9sifs isolants            <\/a>\n                            <ul class=\"sc-menu-products-sub\">\n                                        <li class=\"sc-menu-products-subproduct\">\n                        <a href=\"\/products\/?get_type=Rubans adh\u00e9sifs de protection de c\u00e2ble\" class=\"sc-menu-products-product-link\">\n                            Rubans adh\u00e9sifs de protection de c\u00e2ble                        <\/a>\n                    <\/li>\n                                        <li class=\"sc-menu-products-subproduct\">\n                        <a href=\"\/products\/?get_type=Rubans adh\u00e9sifs isolants PVC\" class=\"sc-menu-products-product-link\">\n                            Rubans adh\u00e9sifs isolants PVC                        <\/a>\n                    <\/li>\n                                    <\/ul>\n                    <\/li>\n                <li class=\"sc-menu-products-product\">\n            <a href=\"\/products\/?get_type=Rubans adh\u00e9sifs toil\u00e9s et rubans adh\u00e9sifs duct\" class=\"sc-menu-products-product-link\">\n                Rubans adh\u00e9sifs toil\u00e9s et rubans adh\u00e9sifs duct            <\/a>\n                            <ul class=\"sc-menu-products-sub\">\n                                        <li class=\"sc-menu-products-subproduct\">\n                        <a href=\"\/products\/?get_type=Rubans adh\u00e9sifs duct\" class=\"sc-menu-products-product-link\">\n                            Rubans adh\u00e9sifs duct                        <\/a>\n                    <\/li>\n                                        <li class=\"sc-menu-products-subproduct\">\n                        <a href=\"\/products\/?get_type=Rubans adh\u00e9sifs toil\u00e9s\" class=\"sc-menu-products-product-link\">\n                            Rubans adh\u00e9sifs toil\u00e9s                        <\/a>\n                    <\/li>\n                                    <\/ul>\n                    <\/li>\n                <li class=\"sc-menu-products-product\">\n            <a href=\"\/products\/?get_type=Rubans auto-amalgamant\" class=\"sc-menu-products-product-link\">\n                Rubans auto-amalgamant            <\/a>\n                    <\/li>\n                <li class=\"sc-menu-products-product\">\n            <a href=\"\/products\/?get_type=Rubans de s\u00e9curit\u00e9\" class=\"sc-menu-products-product-link\">\n                Rubans de s\u00e9curit\u00e9            <\/a>\n                            <ul class=\"sc-menu-products-sub\">\n                                        <li class=\"sc-menu-products-subproduct\">\n                        <a href=\"\/products\/?get_type=Ruban adh\u00e9sif photoluminescent\" class=\"sc-menu-products-product-link\">\n                            Ruban adh\u00e9sif photoluminescent                        <\/a>\n                    <\/li>\n                                        <li class=\"sc-menu-products-subproduct\">\n                        <a href=\"\/products\/?get_type=Rubans adh\u00e9sifs anti-d\u00e9rapant\" class=\"sc-menu-products-product-link\">\n                            Rubans adh\u00e9sifs anti-d\u00e9rapant                        <\/a>\n                    <\/li>\n                                        <li class=\"sc-menu-products-subproduct\">\n                        <a href=\"\/products\/?get_type=Rubans adh\u00e9sifs de marquage\" class=\"sc-menu-products-product-link\">\n                            Rubans adh\u00e9sifs de marquage                        <\/a>\n                    <\/li>\n                                    <\/ul>\n                    <\/li>\n    <\/ul>\n<\/div>\n\t\t\t\t\t\t<\/div>\n\t\t\t\t<\/div>\n\t\t\t\t\t<\/div>\n\t\t<\/div>\n\t\t\t\t\t<\/div>\n\t\t<\/section>\n\t\t\t\t<\/div>\n\t\t","protected":false},"excerpt":{"rendered":"<p>Plan du site Pages March\u00e9s Produits<\/p>\n","protected":false},"author":3,"featured_media":0,"parent":0,"menu_order":0,"comment_status":"closed","ping_status":"closed","template":"","meta":{"_acf_changed":false,"_exactmetrics_skip_tracking":false,"_exactmetrics_sitenote_active":false,"_exactmetrics_sitenote_note":"","_exactmetrics_sitenote_category":0,"_monsterinsights_skip_tracking":false,"_monsterinsights_sitenote_active":false,"_monsterinsights_sitenote_note":"","_monsterinsights_sitenote_category":0,"footnotes":""},"class_list":["post-645","page","type-page","status-publish","hentry"],"acf":[],"aioseo_notices":[],"_links":{"self":[{"href":"https:\/\/www.optiontapespecialties.com\/fr\/wp-json\/wp\/v2\/pages\/645","targetHints":{"allow":["GET"]}}],"collection":[{"href":"https:\/\/www.optiontapespecialties.com\/fr\/wp-json\/wp\/v2\/pages"}],"about":[{"href":"https:\/\/www.optiontapespecialties.com\/fr\/wp-json\/wp\/v2\/types\/page"}],"author":[{"embeddable":true,"href":"https:\/\/www.optiontapespecialties.com\/fr\/wp-json\/wp\/v2\/users\/3"}],"replies":[{"embeddable":true,"href":"https:\/\/www.optiontapespecialties.com\/fr\/wp-json\/wp\/v2\/comments?post=645"}],"version-history":[{"count":1,"href":"https:\/\/www.optiontapespecialties.com\/fr\/wp-json\/wp\/v2\/pages\/645\/revisions"}],"predecessor-version":[{"id":3593,"href":"https:\/\/www.optiontapespecialties.com\/fr\/wp-json\/wp\/v2\/pages\/645\/revisions\/3593"}],"wp:attachment":[{"href":"https:\/\/www.optiontapespecialties.com\/fr\/wp-json\/wp\/v2\/media?parent=645"}],"curies":[{"name":"wp","href":"https:\/\/api.w.org\/{rel}","templated":true}]}}