{"id":265,"date":"2020-07-16T14:48:08","date_gmt":"2020-07-16T11:48:08","guid":{"rendered":"http:\/\/optiontapespecialties.taniko.studio\/?page_id=265"},"modified":"2026-01-19T07:50:59","modified_gmt":"2026-01-19T07:50:59","slug":"general-conditions","status":"publish","type":"page","link":"https:\/\/www.optiontapespecialties.com\/pl\/general-conditions\/","title":{"rendered":"Og\u00f3lne warunki"},"content":{"rendered":"\t\t<div data-elementor-type=\"wp-page\" data-elementor-id=\"265\" class=\"elementor elementor-265\" data-elementor-post-type=\"page\">\n\t\t\t\t\t\t<section class=\"elementor-section elementor-top-section elementor-element elementor-element-2375e5f elementor-section-boxed elementor-section-height-default elementor-section-height-default\" data-id=\"2375e5f\" data-element_type=\"section\" data-e-type=\"section\" data-settings=\"{&quot;background_background&quot;:&quot;classic&quot;}\">\n\t\t\t\t\t\t<div class=\"elementor-container elementor-column-gap-default\">\n\t\t\t\t\t<div class=\"elementor-column elementor-col-100 elementor-top-column elementor-element elementor-element-4c3b470\" data-id=\"4c3b470\" data-element_type=\"column\" data-e-type=\"column\">\n\t\t\t<div class=\"elementor-widget-wrap elementor-element-populated\">\n\t\t\t\t\t\t<div class=\"elementor-element elementor-element-fb42832 elementor-widget elementor-widget-heading\" data-id=\"fb42832\" data-element_type=\"widget\" data-e-type=\"widget\" data-widget_type=\"heading.default\">\n\t\t\t\t<div class=\"elementor-widget-container\">\n\t\t\t\t\t<h1 class=\"elementor-heading-title elementor-size-default\">Og\u00f3lne warunki<\/h1>\t\t\t\t<\/div>\n\t\t\t\t<\/div>\n\t\t\t\t\t<\/div>\n\t\t<\/div>\n\t\t\t\t\t<\/div>\n\t\t<\/section>\n\t\t\t\t<section class=\"elementor-section elementor-top-section elementor-element elementor-element-d46433c elementor-section-boxed elementor-section-height-default elementor-section-height-default\" data-id=\"d46433c\" data-element_type=\"section\" data-e-type=\"section\">\n\t\t\t\t\t\t<div class=\"elementor-container elementor-column-gap-default\">\n\t\t\t\t\t<div class=\"elementor-column elementor-col-100 elementor-top-column elementor-element elementor-element-ef9423e\" data-id=\"ef9423e\" data-element_type=\"column\" data-e-type=\"column\">\n\t\t\t<div class=\"elementor-widget-wrap elementor-element-populated\">\n\t\t\t\t\t\t<div class=\"elementor-element elementor-element-15aec45 elementor-widget elementor-widget-text-editor\" data-id=\"15aec45\" data-element_type=\"widget\" data-e-type=\"widget\" data-widget_type=\"text-editor.default\">\n\t\t\t\t<div class=\"elementor-widget-container\">\n\t\t\t\t\t\t\t\t\t<p>Ta strona internetowa jest w\u0142asno\u015bci\u0105 Option Tape Specialties<\/p>\n<p>Adres siedziby:<\/p>\n<p><\/p>\n<p>Frankrijkstraat 8<br>9140 Temse<br>Tel.: 0032 3 710 19 19<br>Fax: 0032 3 711 34 64<br>Email: info@optiontapespecialties.com<\/p>\n<p>Uzyskuj\u0105c dost\u0119p do strony internetowej i korzystaj\u0105c z niej, wyra\u017anie zgadzasz si\u0119 z poni\u017cszymi warunkami i zobowi\u0105zujesz si\u0119 do ich przestrzegania<\/p>\n<p><\/p>\n<p><strong>W\u0142asno\u015b\u0107 intelektualna<br><\/strong><\/p>\n<p>Tre\u015b\u0107 tej witryny, w tym koncepcja, uk\u0142ad, struktura, kody \u017ar\u00f3d\u0142owe, oprogramowanie, obrazy, fotografie, animacje, logo, znaki towarowe, rysunki, informacje, nazwy produkt\u00f3w i firm, utwory audiowizualne , teksty, dane, muzyka itp. s\u0105 chronione prawami intelektualnymi i nale\u017c\u0105 wy\u0142\u0105cznie do Option Tape Specialties lub uprawnionych os\u00f3b trzecich i s\u0105 chronione r\u00f3\u017cnymi prawami w\u0142asno\u015bci intelektualnej, w tym prawem autorskim, znakiem towarowym, prawem sui generis producenta bazy danych, itp., kt\u00f3re uznajesz i akceptujesz. Uzyskuj\u0105c dost\u0119p, korzystaj\u0105c z tej witryny lub przegl\u0105daj\u0105c j\u0105, nie uzyskujesz do niej \u017cadnego prawa.<\/p>\n<p>Ca\u0142kowite lub cz\u0119\u015bciowe powielanie, dystrybucja, sprzeda\u017c, publikacja, modyfikacja i \/ lub wykorzystanie w jakiejkolwiek innej formie, w jakikolwiek inny spos\u00f3b, tej strony internetowej i jej zawarto\u015bci jest surowo zabronione. Przechowywanie jakichkolwiek informacji i \/ lub cz\u0119\u015bci tej witryny w (elektronicznej) bazie danych lub w jakikolwiek inny spos\u00f3b jest zabronione, z wyj\u0105tkiem automatycznego buforowania informacji przez przegl\u0105dark\u0119.<\/p>\n<p><\/p>\n<p><b>Warunki sprzeda\u017cy<\/b><\/p>\n<p>Aby zapozna\u0107 si\u0119 z naszymi warunkami sprzeda\u017cy, przejd\u017a do sekcji <a href=\"https:\/\/www.optiontapespecialties.com\/pl\/terms-and-conditions-of-sale\/\">Warunki sprzeda\u017cy<\/a>.<\/p>\n<p><br><\/p>\t\t\t\t\t\t\t\t<\/div>\n\t\t\t\t<\/div>\n\t\t\t\t\t<\/div>\n\t\t<\/div>\n\t\t\t\t\t<\/div>\n\t\t<\/section>\n\t\t\t\t<\/div>\n\t\t","protected":false},"excerpt":{"rendered":"<p>Og\u00f3lne warunki Ta strona internetowa jest w\u0142asno\u015bci\u0105 Option Tape Specialties Adres siedziby: Frankrijkstraat 89140 TemseTel.: 0032 3 710 19 19Fax: 0032 3 711 34 64Email: info@optiontapespecialties.com Uzyskuj\u0105c dost\u0119p do strony internetowej i korzystaj\u0105c z niej, wyra\u017anie zgadzasz si\u0119 z poni\u017cszymi warunkami i zobowi\u0105zujesz si\u0119 do ich przestrzegania W\u0142asno\u015b\u0107 intelektualna Tre\u015b\u0107 tej witryny, w tym koncepcja, [&hellip;]<\/p>\n","protected":false},"author":3,"featured_media":0,"parent":0,"menu_order":0,"comment_status":"closed","ping_status":"closed","template":"","meta":{"_acf_changed":false,"_exactmetrics_skip_tracking":false,"_exactmetrics_sitenote_active":false,"_exactmetrics_sitenote_note":"","_exactmetrics_sitenote_category":0,"_monsterinsights_skip_tracking":false,"_monsterinsights_sitenote_active":false,"_monsterinsights_sitenote_note":"","_monsterinsights_sitenote_category":0,"footnotes":""},"class_list":["post-265","page","type-page","status-publish","hentry"],"acf":[],"aioseo_notices":[],"_links":{"self":[{"href":"https:\/\/www.optiontapespecialties.com\/pl\/wp-json\/wp\/v2\/pages\/265","targetHints":{"allow":["GET"]}}],"collection":[{"href":"https:\/\/www.optiontapespecialties.com\/pl\/wp-json\/wp\/v2\/pages"}],"about":[{"href":"https:\/\/www.optiontapespecialties.com\/pl\/wp-json\/wp\/v2\/types\/page"}],"author":[{"embeddable":true,"href":"https:\/\/www.optiontapespecialties.com\/pl\/wp-json\/wp\/v2\/users\/3"}],"replies":[{"embeddable":true,"href":"https:\/\/www.optiontapespecialties.com\/pl\/wp-json\/wp\/v2\/comments?post=265"}],"version-history":[{"count":4,"href":"https:\/\/www.optiontapespecialties.com\/pl\/wp-json\/wp\/v2\/pages\/265\/revisions"}],"predecessor-version":[{"id":26043,"href":"https:\/\/www.optiontapespecialties.com\/pl\/wp-json\/wp\/v2\/pages\/265\/revisions\/26043"}],"wp:attachment":[{"href":"https:\/\/www.optiontapespecialties.com\/pl\/wp-json\/wp\/v2\/media?parent=265"}],"curies":[{"name":"wp","href":"https:\/\/api.w.org\/{rel}","templated":true}]}}