{"id":267,"date":"2020-07-16T14:48:38","date_gmt":"2020-07-16T11:48:38","guid":{"rendered":"http:\/\/optiontapespecialties.taniko.studio\/?page_id=267"},"modified":"2021-10-01T10:39:00","modified_gmt":"2021-10-01T10:39:00","slug":"disclaimer","status":"publish","type":"page","link":"https:\/\/www.optiontapespecialties.com\/pl\/disclaimer\/","title":{"rendered":"Zrzeczenie"},"content":{"rendered":"\t\t<div data-elementor-type=\"wp-page\" data-elementor-id=\"267\" class=\"elementor elementor-267\" data-elementor-post-type=\"page\">\n\t\t\t\t\t\t<section class=\"elementor-section elementor-top-section elementor-element elementor-element-c62f752 elementor-section-boxed elementor-section-height-default elementor-section-height-default\" data-id=\"c62f752\" data-element_type=\"section\" data-e-type=\"section\" data-settings=\"{&quot;background_background&quot;:&quot;classic&quot;}\">\n\t\t\t\t\t\t<div class=\"elementor-container elementor-column-gap-default\">\n\t\t\t\t\t<div class=\"elementor-column elementor-col-100 elementor-top-column elementor-element elementor-element-e29b883\" data-id=\"e29b883\" data-element_type=\"column\" data-e-type=\"column\">\n\t\t\t<div class=\"elementor-widget-wrap elementor-element-populated\">\n\t\t\t\t\t\t<div class=\"elementor-element elementor-element-e7a4878 elementor-widget elementor-widget-heading\" data-id=\"e7a4878\" data-element_type=\"widget\" data-e-type=\"widget\" data-widget_type=\"heading.default\">\n\t\t\t\t<div class=\"elementor-widget-container\">\n\t\t\t\t\t<h1 class=\"elementor-heading-title elementor-size-default\">Zrzeczenie\n<\/h1>\t\t\t\t<\/div>\n\t\t\t\t<\/div>\n\t\t\t\t\t<\/div>\n\t\t<\/div>\n\t\t\t\t\t<\/div>\n\t\t<\/section>\n\t\t\t\t<section class=\"elementor-section elementor-top-section elementor-element elementor-element-6f1c8db elementor-section-boxed elementor-section-height-default elementor-section-height-default\" data-id=\"6f1c8db\" data-element_type=\"section\" data-e-type=\"section\">\n\t\t\t\t\t\t<div class=\"elementor-container elementor-column-gap-default\">\n\t\t\t\t\t<div class=\"elementor-column elementor-col-100 elementor-top-column elementor-element elementor-element-f7fb90f\" data-id=\"f7fb90f\" data-element_type=\"column\" data-e-type=\"column\">\n\t\t\t<div class=\"elementor-widget-wrap elementor-element-populated\">\n\t\t\t\t\t\t<div class=\"elementor-element elementor-element-da620e8 elementor-widget elementor-widget-text-editor\" data-id=\"da620e8\" data-element_type=\"widget\" data-e-type=\"widget\" data-widget_type=\"text-editor.default\">\n\t\t\t\t<div class=\"elementor-widget-container\">\n\t\t\t\t\t\t\t\t\t<p><strong>Ograniczenie odpowiedzialno\u015bci<br \/><\/strong><\/p><p>Informacje na tej stronie maj\u0105 charakter og\u00f3lny. Informacje nie s\u0105 dostosowane do osobistych ani szczeg\u00f3lnych okoliczno\u015bci i dlatego nie mog\u0105 by\u0107 traktowane jako porada osobista, zawodowa lub prawna dla u\u017cytkownika. Option Tape Specialties dok\u0142ada wszelkich stara\u0144, aby udost\u0119pniane informacje by\u0142y kompletne, prawdziwe, dok\u0142adne i aktualne. Mimo tych stara\u0144 w podanych informacjach mog\u0105 wyst\u0105pi\u0107 b\u0142\u0119dy. Je\u015bli podane informacje zawieraj\u0105 b\u0142\u0119dy lub je\u015bli pewne informacje podane w witrynie lub za jej po\u015brednictwem s\u0105 niedost\u0119pne, Option Tape Specialties do\u0142o\u017cy wszelkich stara\u0144, aby jak najszybciej to naprawi\u0107.<\/p><p>Option Tape Specialties nie ponosi odpowiedzialno\u015bci za jakiekolwiek bezpo\u015brednie lub po\u015brednie szkody wynikaj\u0105ce z wykorzystania informacji na tej stronie. W przypadku zauwa\u017cenia b\u0142\u0119d\u00f3w w podanych informacjach prosimy o kontakt z <a href=\"mailto:info@optiontapespecialties.com\">administratorem serwisu<\/a>.<\/p><p>Zawarto\u015b\u0107 strony (w tym linki) mo\u017ce zosta\u0107 zmieniona, zmodyfikowana lub uzupe\u0142niona w dowolnym momencie bez wcze\u015bniejszego powiadomienia. Option Tape Specialties nie gwarantuje prawid\u0142owego funkcjonowania strony internetowej i nie mo\u017ce by\u0107 w \u017caden spos\u00f3b poci\u0105gni\u0119ta do odpowiedzialno\u015bci za jakiekolwiek awarie lub tymczasow\u0105 niedost\u0119pno\u015b\u0107 strony internetowej ani za jakiekolwiek szkody, bezpo\u015brednie lub po\u015brednie, wynikaj\u0105ce z dost\u0119pu lub korzystania ze strony.<\/p><p>Option Tape Specialties nie mo\u017ce by\u0107 poci\u0105gni\u0119ta do odpowiedzialno\u015bci bezpo\u015bredniej, po\u015bredniej, szczeg\u00f3lnej ani \u017cadnej innej za szkody wyrz\u0105dzone komukolwiek &#8211; lub rzeczy w wyniku korzystania z tej witryny lub jej link\u00f3w i hiper\u0142\u0105czy. Szkody obejmuj\u0105 mi\u0119dzy innymi wszelkie straty, przerwy w pracy, uszkodzenia program\u00f3w lub innych danych na komputerze, sprz\u0119cie, oprogramowaniu u\u017cytkownika lub jakimkolwiek innym. Serwis mo\u017ce zawiera\u0107 hiper\u0142\u0105cza do stron internetowych lub stron os\u00f3b trzecich lub odnosi\u0107 si\u0119 do nich po\u015brednio. Wzmianka o tych linkach nie oznacza dorozumianej zgody na zawarto\u015b\u0107.<\/p><p>Option Tapes Specialties o\u015bwiadcza wyra\u017anie, \u017ce nie ma kontroli nad zawarto\u015bci\u0105 lub innymi funkcjami tych witryn i nie mo\u017ce by\u0107 poci\u0105gni\u0119ty do odpowiedzialno\u015bci za zawarto\u015b\u0107 lub funkcje ani jakiekolwiek inne szkody wynikaj\u0105ce z ich u\u017cytkowania.<\/p><p><\/p><p><strong>Obowi\u0105zuj\u0105ce prawo i jurysdykcja<\/strong><\/p><p>Ta witryna podlega prawu belgijskiemu. W przypadku sporu upowa\u017cnione s\u0105 wy\u0142\u0105cznie s\u0105dy belgijskie okr\u0119gu s\u0105dowego Dendermonde. Obowi\u0105zuje tylko prawo belgijskie.<\/p><p><\/p>\t\t\t\t\t\t\t\t<\/div>\n\t\t\t\t<\/div>\n\t\t\t\t\t<\/div>\n\t\t<\/div>\n\t\t\t\t\t<\/div>\n\t\t<\/section>\n\t\t\t\t<section class=\"elementor-section elementor-top-section elementor-element elementor-element-ca0f398 elementor-section-boxed elementor-section-height-default elementor-section-height-default\" data-id=\"ca0f398\" data-element_type=\"section\" data-e-type=\"section\">\n\t\t\t\t\t\t<div class=\"elementor-container elementor-column-gap-default\">\n\t\t\t\t\t<div class=\"elementor-column elementor-col-100 elementor-top-column elementor-element elementor-element-83a5f5c\" data-id=\"83a5f5c\" data-element_type=\"column\" data-e-type=\"column\">\n\t\t\t<div class=\"elementor-widget-wrap elementor-element-populated\">\n\t\t\t\t\t\t<div class=\"elementor-element elementor-element-7464477 elementor-widget elementor-widget-text-editor\" data-id=\"7464477\" data-element_type=\"widget\" data-e-type=\"widget\" data-widget_type=\"text-editor.default\">\n\t\t\t\t<div class=\"elementor-widget-container\">\n\t\t\t\t\t\t\t\t\t<i>Ta wersja wy\u0142\u0105czenia odpowiedzialno\u015bci wesz\u0142a w \u017cycie\n:<\/i>\t\t\t\t\t\t\t\t<\/div>\n\t\t\t\t<\/div>\n\t\t\t\t<div class=\"elementor-element elementor-element-92980b5 elementor-widget elementor-widget-text-editor\" data-id=\"92980b5\" data-element_type=\"widget\" data-e-type=\"widget\" data-widget_type=\"text-editor.default\">\n\t\t\t\t<div class=\"elementor-widget-container\">\n\t\t\t\t\t\t\t\t\tOctober 1, 2021\t\t\t\t\t\t\t\t<\/div>\n\t\t\t\t<\/div>\n\t\t\t\t\t<\/div>\n\t\t<\/div>\n\t\t\t\t\t<\/div>\n\t\t<\/section>\n\t\t\t\t<section class=\"elementor-section elementor-top-section elementor-element elementor-element-0832b9b elementor-section-boxed elementor-section-height-default elementor-section-height-default\" data-id=\"0832b9b\" data-element_type=\"section\" data-e-type=\"section\">\n\t\t\t\t\t\t<div class=\"elementor-container elementor-column-gap-default\">\n\t\t\t\t\t<div class=\"elementor-column elementor-col-25 elementor-top-column elementor-element elementor-element-0a1a824 copyright\" data-id=\"0a1a824\" data-element_type=\"column\" data-e-type=\"column\">\n\t\t\t<div class=\"elementor-widget-wrap elementor-element-populated\">\n\t\t\t\t\t\t<div class=\"elementor-element elementor-element-4fd3f0a elementor-widget elementor-widget-text-editor\" data-id=\"4fd3f0a\" data-element_type=\"widget\" data-e-type=\"widget\" data-widget_type=\"text-editor.default\">\n\t\t\t\t<div class=\"elementor-widget-container\">\n\t\t\t\t\t\t\t\t\t<p>\u00a9<\/p>\t\t\t\t\t\t\t\t<\/div>\n\t\t\t\t<\/div>\n\t\t\t\t\t<\/div>\n\t\t<\/div>\n\t\t\t\t<div class=\"elementor-column elementor-col-25 elementor-top-column elementor-element elementor-element-3a54e47 copyright_yeah\" data-id=\"3a54e47\" data-element_type=\"column\" data-e-type=\"column\">\n\t\t\t<div class=\"elementor-widget-wrap elementor-element-populated\">\n\t\t\t\t\t\t<div class=\"elementor-element elementor-element-e18a38b elementor-widget elementor-widget-text-editor\" data-id=\"e18a38b\" data-element_type=\"widget\" data-e-type=\"widget\" data-widget_type=\"text-editor.default\">\n\t\t\t\t<div class=\"elementor-widget-container\">\n\t\t\t\t\t\t\t\t\t2026\t\t\t\t\t\t\t\t<\/div>\n\t\t\t\t<\/div>\n\t\t\t\t\t<\/div>\n\t\t<\/div>\n\t\t\t\t<div class=\"elementor-column elementor-col-50 elementor-top-column elementor-element elementor-element-249bb62\" data-id=\"249bb62\" data-element_type=\"column\" data-e-type=\"column\">\n\t\t\t<div class=\"elementor-widget-wrap elementor-element-populated\">\n\t\t\t\t\t\t<div class=\"elementor-element elementor-element-d771a48 elementor-widget elementor-widget-text-editor\" data-id=\"d771a48\" data-element_type=\"widget\" data-e-type=\"widget\" data-widget_type=\"text-editor.default\">\n\t\t\t\t<div class=\"elementor-widget-container\">\n\t\t\t\t\t\t\t\t\tOption Tape Specialties. Wszelkie prawa zastrze\u017cone.\n\t\t\t\t\t\t\t\t<\/div>\n\t\t\t\t<\/div>\n\t\t\t\t\t<\/div>\n\t\t<\/div>\n\t\t\t\t\t<\/div>\n\t\t<\/section>\n\t\t\t\t<\/div>\n\t\t","protected":false},"excerpt":{"rendered":"<p>Zrzeczenie Ograniczenie odpowiedzialno\u015bci Informacje na tej stronie maj\u0105 charakter og\u00f3lny. Informacje nie s\u0105 dostosowane do osobistych ani szczeg\u00f3lnych okoliczno\u015bci i dlatego nie mog\u0105 by\u0107 traktowane jako porada osobista, zawodowa lub prawna dla u\u017cytkownika. Option Tape Specialties dok\u0142ada wszelkich stara\u0144, aby udost\u0119pniane informacje by\u0142y kompletne, prawdziwe, dok\u0142adne i aktualne. Mimo tych stara\u0144 w podanych informacjach mog\u0105 [&hellip;]<\/p>\n","protected":false},"author":3,"featured_media":0,"parent":0,"menu_order":0,"comment_status":"closed","ping_status":"closed","template":"","meta":{"_acf_changed":false,"_exactmetrics_skip_tracking":false,"_exactmetrics_sitenote_active":false,"_exactmetrics_sitenote_note":"","_exactmetrics_sitenote_category":0,"_monsterinsights_skip_tracking":false,"_monsterinsights_sitenote_active":false,"_monsterinsights_sitenote_note":"","_monsterinsights_sitenote_category":0,"footnotes":""},"class_list":["post-267","page","type-page","status-publish","hentry"],"acf":[],"aioseo_notices":[],"_links":{"self":[{"href":"https:\/\/www.optiontapespecialties.com\/pl\/wp-json\/wp\/v2\/pages\/267","targetHints":{"allow":["GET"]}}],"collection":[{"href":"https:\/\/www.optiontapespecialties.com\/pl\/wp-json\/wp\/v2\/pages"}],"about":[{"href":"https:\/\/www.optiontapespecialties.com\/pl\/wp-json\/wp\/v2\/types\/page"}],"author":[{"embeddable":true,"href":"https:\/\/www.optiontapespecialties.com\/pl\/wp-json\/wp\/v2\/users\/3"}],"replies":[{"embeddable":true,"href":"https:\/\/www.optiontapespecialties.com\/pl\/wp-json\/wp\/v2\/comments?post=267"}],"version-history":[{"count":8,"href":"https:\/\/www.optiontapespecialties.com\/pl\/wp-json\/wp\/v2\/pages\/267\/revisions"}],"predecessor-version":[{"id":4389,"href":"https:\/\/www.optiontapespecialties.com\/pl\/wp-json\/wp\/v2\/pages\/267\/revisions\/4389"}],"wp:attachment":[{"href":"https:\/\/www.optiontapespecialties.com\/pl\/wp-json\/wp\/v2\/media?parent=267"}],"curies":[{"name":"wp","href":"https:\/\/api.w.org\/{rel}","templated":true}]}}