{"id":269,"date":"2020-07-16T14:49:06","date_gmt":"2020-07-16T11:49:06","guid":{"rendered":"http:\/\/optiontapespecialties.taniko.studio\/?page_id=269"},"modified":"2020-09-07T17:33:52","modified_gmt":"2020-09-07T17:33:52","slug":"privacy","status":"publish","type":"page","link":"https:\/\/www.optiontapespecialties.com\/pl\/privacy\/","title":{"rendered":"Prywatno\u015b\u0107"},"content":{"rendered":"\t\t<div data-elementor-type=\"wp-page\" data-elementor-id=\"269\" class=\"elementor elementor-269\" data-elementor-post-type=\"page\">\n\t\t\t\t\t\t<section class=\"elementor-section elementor-top-section elementor-element elementor-element-22007da elementor-section-boxed elementor-section-height-default elementor-section-height-default\" data-id=\"22007da\" data-element_type=\"section\" data-e-type=\"section\" data-settings=\"{&quot;background_background&quot;:&quot;classic&quot;}\">\n\t\t\t\t\t\t<div class=\"elementor-container elementor-column-gap-default\">\n\t\t\t\t\t<div class=\"elementor-column elementor-col-100 elementor-top-column elementor-element elementor-element-e6bf8c4\" data-id=\"e6bf8c4\" data-element_type=\"column\" data-e-type=\"column\">\n\t\t\t<div class=\"elementor-widget-wrap elementor-element-populated\">\n\t\t\t\t\t\t<div class=\"elementor-element elementor-element-5a24a73 elementor-widget elementor-widget-heading\" data-id=\"5a24a73\" data-element_type=\"widget\" data-e-type=\"widget\" data-widget_type=\"heading.default\">\n\t\t\t\t<div class=\"elementor-widget-container\">\n\t\t\t\t\t<h1 class=\"elementor-heading-title elementor-size-default\">Prywatno\u015b\u0107 <\/h1>\t\t\t\t<\/div>\n\t\t\t\t<\/div>\n\t\t\t\t\t<\/div>\n\t\t<\/div>\n\t\t\t\t\t<\/div>\n\t\t<\/section>\n\t\t\t\t<section class=\"elementor-section elementor-top-section elementor-element elementor-element-ec7c6fc elementor-section-boxed elementor-section-height-default elementor-section-height-default\" data-id=\"ec7c6fc\" data-element_type=\"section\" data-e-type=\"section\">\n\t\t\t\t\t\t<div class=\"elementor-container elementor-column-gap-default\">\n\t\t\t\t\t<div class=\"elementor-column elementor-col-100 elementor-top-column elementor-element elementor-element-6d48cf1\" data-id=\"6d48cf1\" data-element_type=\"column\" data-e-type=\"column\">\n\t\t\t<div class=\"elementor-widget-wrap elementor-element-populated\">\n\t\t\t\t\t\t<div class=\"elementor-element elementor-element-b9517b0 elementor-widget elementor-widget-text-editor\" data-id=\"b9517b0\" data-element_type=\"widget\" data-e-type=\"widget\" data-widget_type=\"text-editor.default\">\n\t\t\t\t<div class=\"elementor-widget-container\">\n\t\t\t\t\t\t\t\t\t<p>Option Tape Specialties przetwarza dane osobowe zgodnie z niniejszym o\u015bwiadczeniem o ochronie prywatno\u015bci. Aby uzyska\u0107 dalsze informacje, pytania lub komentarze dotycz\u0105ce naszej polityki prywatno\u015bci, prosimy o kontakt pod adresem <a href=\"mailto:info@optiontapespecialties.com\">info@optiontapespecialties.com<\/a><\/p><p><\/p><p><strong>Cele przetwarzania<\/strong><\/p><p>Option Tape Specialties gromadzi i przetwarza dane osobowe klient\u00f3w w celu zarz\u0105dzania klientami i zam\u00f3wieniami (administracja klientami, \u015bledzenie zam\u00f3wie\u0144 \/ dostaw, fakturowanie, monitorowanie wyp\u0142acalno\u015bci, profilowanie i wysy\u0142anie reklam marketingowych i spersonalizowanych).<\/p><p><\/p><p><strong>Podstawa prawna przetwarzania<\/strong><\/p><p>Dane osobowe s\u0105 przetwarzane na podstawie art. 6.1<br \/>(a) przyzwolenia,<br \/>(b) wymagane do realizacji umowy,<br \/>(f) wymagane dla ochrony prawnie uzasadnionego interesu w biznesie<\/p><p>Og\u00f3lnej Ustawy o Ochronie Danych.<\/p><p>O ile przetwarzanie danych osobowych odbywa si\u0119 na podstawie art. 6.1 a) przyzwolenia, Klient zawsze ma prawo do cofni\u0119cia wyra\u017conej zgody.<\/p><p><\/p><p><strong>Transfer na osoby trzecie<\/strong><\/p><p>Je\u015bli b\u0119dzie to wymagane do osi\u0105gni\u0119cia wyznaczonych cel\u00f3w, dane osobowe klient\u00f3w b\u0119d\u0105 udost\u0119pniane innym firmom (w grupie Option Tape Specialties) w Europejskim Obszarze Gospodarczym, kt\u00f3re s\u0105 bezpo\u015brednio lub po\u015brednio powi\u0105zane z Option Tape Specialties lub z ka\u017cdym innym partnerem Option Tape Specialties.<\/p><p>Option Tape Specialties gwarantuje tym odbiorcom podj\u0119cie niezb\u0119dnych \u015brodk\u00f3w technicznych i organizacyjnych w celu ochrony danych osobowych.<\/p><p><\/p><p><strong>Okres przechowywania<\/strong><\/p><p>Dane osobowe przetwarzane w celu obs\u0142ugi klient\u00f3w b\u0119d\u0105 przechowywane przez czas niezb\u0119dny do spe\u0142nienia wymog\u00f3w prawnych (m.in. w zakresie prowadzenia ksi\u0105g rachunkowych).<\/p><p><\/p><p><strong>Prawo do wgl\u0105du, poprawiania, usuwania, ograniczenia, sprzeciwu i mo\u017cliwo\u015bci przenoszenia danych osobowych<\/strong><\/p><p>Klient w ka\u017cdej chwili ma prawo wgl\u0105du do swoich danych osobowych oraz ich poprawienia, je\u015bli s\u0105 nieprawid\u0142owe lub niekompletne, usuni\u0119cia, ograniczenia przetwarzania, wniesienia sprzeciwu wobec przetwarzania jego danych osobowych na podstawie art. 6 ust. 1 lit. f ), w tym profilowanie na podstawie tych przepis\u00f3w.<br \/>Ponadto klient jest uprawniony do otrzymania kopii (w ustrukturyzowanej, standardowej i nadaj\u0105cej si\u0119 do odczytu maszynowego formie) swoich danych osobowych oraz do przekazania tych danych innej firmie.<\/p><p>W celu skorzystania z powy\u017cszych praw Klient proszony jest o przes\u0142anie wiadomo\u015bci e-mail na adres: <a href=\"mailto:info@optiontapespecialties.com\">info@optiontapespecialties.com<\/a>.<\/p><p><\/p><p><strong>Marketing bezpo\u015bredni<\/strong><\/p><p>Klient ma prawo do nieodp\u0142atnego wniesienia sprzeciwu wobec przetwarzania jego danych osobowych w celu marketingu bezpo\u015bredniego.<\/p><p><\/p><p><strong>Skarga<\/strong><\/p><p>Klient ma prawo z\u0142o\u017cy\u0107 skarg\u0119 do Belgijskiej Komisji Ochrony Prywatno\u015bci (35 Rue de la Presse, 1000 Brussels &#8211; <a href=\"mailto:commission@privacycommission.be\">commission@privacycommission.be<\/a>).<\/p><p><\/p><p><strong>Stosowanie plik\u00f3w \u201ecookies\u201d<\/strong><\/p><p>Podczas wizyty w serwisie na dysku twardym komputera mog\u0105 by\u0107 instalowane pliki cookies, aby witryna by\u0142a bardziej responsywna na potrzeby powracaj\u0105cych go\u015bci. Te mini pliki lub pliki cookies nie s\u0105 u\u017cywane do monitorowania zachowania w Internecie os\u00f3b odwiedzaj\u0105cych inne witryny. Twoja przegl\u0105darka internetowa umo\u017cliwia blokowanie u\u017cywania plik\u00f3w cookie, otrzymywanie ostrze\u017cenia, gdy plik cookies jest instalowany lub usuwanie plik\u00f3w cookie z dysku twardego. W tym celu mo\u017cesz skorzysta\u0107 z funkcji pomocy swojej przegl\u0105darki internetowej.<\/p><p><\/p>\t\t\t\t\t\t\t\t<\/div>\n\t\t\t\t<\/div>\n\t\t\t\t\t<\/div>\n\t\t<\/div>\n\t\t\t\t\t<\/div>\n\t\t<\/section>\n\t\t\t\t<\/div>\n\t\t","protected":false},"excerpt":{"rendered":"<p>Prywatno\u015b\u0107 Option Tape Specialties przetwarza dane osobowe zgodnie z niniejszym o\u015bwiadczeniem o ochronie prywatno\u015bci. Aby uzyska\u0107 dalsze informacje, pytania lub komentarze dotycz\u0105ce naszej polityki prywatno\u015bci, prosimy o kontakt pod adresem info@optiontapespecialties.com Cele przetwarzania Option Tape Specialties gromadzi i przetwarza dane osobowe klient\u00f3w w celu zarz\u0105dzania klientami i zam\u00f3wieniami (administracja klientami, \u015bledzenie zam\u00f3wie\u0144 \/ dostaw, fakturowanie, [&hellip;]<\/p>\n","protected":false},"author":3,"featured_media":0,"parent":0,"menu_order":0,"comment_status":"closed","ping_status":"closed","template":"","meta":{"_acf_changed":false,"_exactmetrics_skip_tracking":false,"_exactmetrics_sitenote_active":false,"_exactmetrics_sitenote_note":"","_exactmetrics_sitenote_category":0,"_monsterinsights_skip_tracking":false,"_monsterinsights_sitenote_active":false,"_monsterinsights_sitenote_note":"","_monsterinsights_sitenote_category":0,"footnotes":""},"class_list":["post-269","page","type-page","status-publish","hentry"],"acf":[],"aioseo_notices":[],"_links":{"self":[{"href":"https:\/\/www.optiontapespecialties.com\/pl\/wp-json\/wp\/v2\/pages\/269","targetHints":{"allow":["GET"]}}],"collection":[{"href":"https:\/\/www.optiontapespecialties.com\/pl\/wp-json\/wp\/v2\/pages"}],"about":[{"href":"https:\/\/www.optiontapespecialties.com\/pl\/wp-json\/wp\/v2\/types\/page"}],"author":[{"embeddable":true,"href":"https:\/\/www.optiontapespecialties.com\/pl\/wp-json\/wp\/v2\/users\/3"}],"replies":[{"embeddable":true,"href":"https:\/\/www.optiontapespecialties.com\/pl\/wp-json\/wp\/v2\/comments?post=269"}],"version-history":[{"count":1,"href":"https:\/\/www.optiontapespecialties.com\/pl\/wp-json\/wp\/v2\/pages\/269\/revisions"}],"predecessor-version":[{"id":3599,"href":"https:\/\/www.optiontapespecialties.com\/pl\/wp-json\/wp\/v2\/pages\/269\/revisions\/3599"}],"wp:attachment":[{"href":"https:\/\/www.optiontapespecialties.com\/pl\/wp-json\/wp\/v2\/media?parent=269"}],"curies":[{"name":"wp","href":"https:\/\/api.w.org\/{rel}","templated":true}]}}