{"id":62,"date":"2020-05-31T12:59:03","date_gmt":"2020-05-31T09:59:03","guid":{"rendered":"http:\/\/optiontapespecialties.taniko.studio\/?page_id=62"},"modified":"2024-03-20T10:31:23","modified_gmt":"2024-03-20T10:31:23","slug":"contact-us","status":"publish","type":"page","link":"https:\/\/www.optiontapespecialties.com\/pl\/contact-us\/","title":{"rendered":"Kontakt"},"content":{"rendered":"\t\t<div data-elementor-type=\"wp-page\" data-elementor-id=\"62\" class=\"elementor elementor-62\" data-elementor-post-type=\"page\">\n\t\t\t\t\t\t<section class=\"elementor-section elementor-top-section elementor-element elementor-element-41d9f98 main-title main-title_inner main-title_bg elementor-section-boxed elementor-section-height-default elementor-section-height-default\" data-id=\"41d9f98\" data-element_type=\"section\" data-e-type=\"section\" data-settings=\"{&quot;background_background&quot;:&quot;classic&quot;}\">\n\t\t\t\t\t\t<div class=\"elementor-container elementor-column-gap-default\">\n\t\t\t\t\t<div class=\"elementor-column elementor-col-100 elementor-top-column elementor-element elementor-element-8412ed1\" data-id=\"8412ed1\" data-element_type=\"column\" data-e-type=\"column\">\n\t\t\t<div class=\"elementor-widget-wrap elementor-element-populated\">\n\t\t\t\t\t\t<div class=\"elementor-element elementor-element-e3dda84 elementor-widget elementor-widget-heading\" data-id=\"e3dda84\" data-element_type=\"widget\" data-e-type=\"widget\" data-widget_type=\"heading.default\">\n\t\t\t\t<div class=\"elementor-widget-container\">\n\t\t\t\t\t<h1 class=\"elementor-heading-title elementor-size-default\"><strong>Kontakt<\/strong>\n<\/h1>\t\t\t\t<\/div>\n\t\t\t\t<\/div>\n\t\t\t\t\t<\/div>\n\t\t<\/div>\n\t\t\t\t\t<\/div>\n\t\t<\/section>\n\t\t\t\t<section class=\"elementor-section elementor-top-section elementor-element elementor-element-fc05e53 elementor-section-boxed elementor-section-height-default elementor-section-height-default\" data-id=\"fc05e53\" data-element_type=\"section\" data-e-type=\"section\">\n\t\t\t\t\t\t<div class=\"elementor-container elementor-column-gap-default\">\n\t\t\t\t\t<div class=\"elementor-column elementor-col-33 elementor-top-column elementor-element elementor-element-dcddd98\" data-id=\"dcddd98\" data-element_type=\"column\" data-e-type=\"column\">\n\t\t\t<div class=\"elementor-widget-wrap elementor-element-populated\">\n\t\t\t\t\t\t<div class=\"elementor-element elementor-element-4f70768 h2_row section-title elementor-widget elementor-widget-heading\" data-id=\"4f70768\" data-element_type=\"widget\" data-e-type=\"widget\" data-widget_type=\"heading.default\">\n\t\t\t\t<div class=\"elementor-widget-container\">\n\t\t\t\t\t<h2 class=\"elementor-heading-title elementor-size-default\">Gdzie jeste\u015bmy?<\/h2>\t\t\t\t<\/div>\n\t\t\t\t<\/div>\n\t\t\t\t<div class=\"elementor-element elementor-element-e748739 contacts-content elementor-widget elementor-widget-text-editor\" data-id=\"e748739\" data-element_type=\"widget\" data-e-type=\"widget\" data-widget_type=\"text-editor.default\">\n\t\t\t\t<div class=\"elementor-widget-container\">\n\t\t\t\t\t\t\t\t\t<p><strong>OPTION TAPE SPECIALTIES N.V.<\/strong><\/p>\n<p>Frankrijkstraat 8<br>9140 Temse, <br>Belgia<\/p>\n<p>Tel: +32 3 710 19 19<br>Fax: +32 3 711 34 64<br>E-mail: <a href=\"mailto:info@optiontapespecialties.com\">info@optiontapespecialties.com<\/a><\/p>\n<p><span lang=\"EN-US\"><\/span><b><span lang=\"EN-US\">\u0141ukasz Walkowski<br><\/span><\/b>Accountmanager<br>Tel: +48 508 356&nbsp;158<br><span lang=\"EN-US\">E-mail:&nbsp;<\/span><b><\/b><span lang=\"EN-US\"><a href=\"mailto:lukasz@optiontapespecialties.com\" target=\"_blank\" rel=\"noopener\">lukasz@optiontapespecialties.<wbr>com<\/a><\/span><\/p>\n<p><span lang=\"EN-US\"><\/p>\t\t\t\t\t\t\t\t<\/div>\n\t\t\t\t<\/div>\n\t\t\t\t<div class=\"elementor-element elementor-element-cb3ca49 elementor-widget elementor-widget-google_maps\" data-id=\"cb3ca49\" data-element_type=\"widget\" data-e-type=\"widget\" data-widget_type=\"google_maps.default\">\n\t\t\t\t<div class=\"elementor-widget-container\">\n\t\t\t\t\t\t\t<div class=\"elementor-custom-embed\">\n\t\t\t<iframe loading=\"lazy\"\n\t\t\t\t\tsrc=\"https:\/\/maps.google.com\/maps?q=OPTION%20TAPE%20SPECIALTIES%20N.V.%20%20Frankrijkstraat%208%209140%20Temse%2C%20Belgien&#038;t=m&#038;z=10&#038;output=embed&#038;iwloc=near\"\n\t\t\t\t\ttitle=\"OPTION TAPE SPECIALTIES N.V.  Frankrijkstraat 8 9140 Temse, Belgien\"\n\t\t\t\t\taria-label=\"OPTION TAPE SPECIALTIES N.V.  Frankrijkstraat 8 9140 Temse, Belgien\"\n\t\t\t><\/iframe>\n\t\t<\/div>\n\t\t\t\t\t\t<\/div>\n\t\t\t\t<\/div>\n\t\t\t\t\t<\/div>\n\t\t<\/div>\n\t\t\t\t<div class=\"elementor-column elementor-col-66 elementor-top-column elementor-element elementor-element-d668e5e\" data-id=\"d668e5e\" data-element_type=\"column\" data-e-type=\"column\">\n\t\t\t<div class=\"elementor-widget-wrap elementor-element-populated\">\n\t\t\t\t\t\t<div class=\"elementor-element elementor-element-620da9f h2_row section-title elementor-widget elementor-widget-heading\" data-id=\"620da9f\" data-element_type=\"widget\" data-e-type=\"widget\" data-widget_type=\"heading.default\">\n\t\t\t\t<div class=\"elementor-widget-container\">\n\t\t\t\t\t<h2 class=\"elementor-heading-title elementor-size-default\">Kontakt<\/h2>\t\t\t\t<\/div>\n\t\t\t\t<\/div>\n\t\t\t\t<div class=\"elementor-element elementor-element-2049c00 elementor-widget elementor-widget-text-editor\" data-id=\"2049c00\" data-element_type=\"widget\" data-e-type=\"widget\" data-widget_type=\"text-editor.default\">\n\t\t\t\t<div class=\"elementor-widget-container\">\n\t\t\t\t\t\t\t\t\t<p>Aby uzyska\u0107 wi\u0119cej informacji o naszych produktach lub us\u0142ugach, wype\u0142nij formularz. Skontaktujemy si\u0119 z Tob\u0105 tak szybko, jak to mo\u017cliwe.<\/p>\n<p><\/p>\t\t\t\t\t\t\t\t<\/div>\n\t\t\t\t<\/div>\n\t\t\t\t<div class=\"elementor-element elementor-element-0aebf55 elementor-widget elementor-widget-shortcode\" data-id=\"0aebf55\" data-element_type=\"widget\" data-e-type=\"widget\" data-widget_type=\"shortcode.default\">\n\t\t\t\t<div class=\"elementor-widget-container\">\n\t\t\t\t\t\t\t<div class=\"elementor-shortcode\">\n<form action=\"\/contact-us-form\/\" class=\"needs-validation1\" id=\"contact-us-form\" method=\"POST\" novalidate>\n    <div class=\"form-group\">\n        <label for=\"contact-us-name\">Imi\u0119<\/label>\n        <input name=\"fullname\" id=\"contact-us-name\" class=\"form-control\" type=\"text\"\n               required\n               placeholder=\"Imi\u0119\">\n    <\/div>\n    <div class=\"form-group\">\n        <label for=\"contact-us-email\">E-mail<\/label>\n        <input name=\"email\" id=\"contact-us-email\" class=\"form-control\" type=\"email\"\n               required\n               placeholder=\"E-mail\">\n    <\/div>\n    <div class=\"form-group\">\n        <label for=\"contact-us-phone\">Telefon<\/label>\n        <input name=\"phone\" id=\"contact-us-phone\" class=\"form-control form-control_number\" type=\"text\"\n               required\n               placeholder=\"Telefon\">\n    <\/div>\n    <div class=\"form-group\">\n        <label for=\"contact-us-company\">Firma<\/label>\n        <input name=\"company\" id=\"contact-us-company\" class=\"form-control\" type=\"text\"\n               placeholder=\"Firma\" required>\n    <\/div>\n    <div class=\"form-group\">\n        <label for=\"country\">Kraj<\/label>\n        <input id=\"country\" class=\"form-control\" name=\"label_country\" type=\"text\" placeholder=\"Kraj\" required>\n    <\/div>\n    <div class=\"form-group\">\n        <label for=\"contact-us-site\">Strona internetowa<\/label>\n        <input name=\"site\" id=\"contact-us-site\" class=\"form-control\" type=\"text\"\n               placeholder=\"Strona internetowa\">\n    <\/div>\n    <input id=\"contact-us-tab-selected\" name=\"tab-selected\" type=\"hidden\" value=\"contact\">\n    <ul class=\"nav nav-tabs nav-tabs_space-small\" id=\"myTab\" role=\"tablist\">\n        <li class=\"nav-item\">\n            <a class=\"nav-link active\" id=\"home-tab\" data-toggle=\"tab\" href=\"#tab-contact\" role=\"tab\"\n               aria-controls=\"home\" aria-selected=\"true\" data-value=\"contact\">\n                Chc\u0119 uzyska\u0107 kontakt            <\/a>\n        <\/li>\n        <li class=\"nav-item\">\n            <a class=\"nav-link\" id=\"profile-tab\" data-toggle=\"tab\" href=\"#tab-info\" role=\"tab\"\n               aria-controls=\"profile\" aria-selected=\"false\" data-value=\"info\">\n                Chc\u0119 uzyska\u0107 informacje o produkcie            <\/a>\n        <\/li>\n    <\/ul>\n    <div class=\"tab-content form-group\" id=\"myTabContent\">\n        <div class=\"tab-pane p-3 fade show active\" id=\"tab-contact\" role=\"tabpanel\" aria-labelledby=\"home-tab\">\n            <div class=\"form-group\">\n                <label for=\"contact-us-contact-comment\">Komentarz<\/label>\n                <textarea\n                    id=\"contact-us-contact-comment\"\n                    name=\"contact-comment\"\n                    rows=\"5\"\n                    class=\"form-control\"\n                    placeholder=\"Komentarz\"\n                ><\/textarea>\n            <\/div>\n        <\/div>\n\n        <div class=\"tab-pane fade p-3\" id=\"tab-info\" role=\"tabpanel\" aria-labelledby=\"profile-tab\">\n            <div class=\"form-group\">\n                <div class=\"form-check\">\n                    <input class=\"form-check-input active\"\n                           data-toggle=\"tab-radio\"\n                           data-target=\"#tab-known\"\n                           type=\"radio\"\n                           name=\"contact-info-product\"\n                           id=\"contact-us-info-product-known\"\n                           value=\"known\"\n                           checked\n                    >\n                    <label class=\"form-check-label\" for=\"contact-us-info-product-known\">\n                        Wiem, do kt\u00f3rego artyku\u0142u chc\u0119 otrzyma\u0107 arkusz danych                    <\/label>\n                <\/div>\n                <div class=\"form-check\">\n                    <input class=\"form-check-input\" data-toggle=\"tab-radio\" data-target=\"#tab-unknown\" type=\"radio\"\n                           name=\"contact-info-product\" id=\"contact-us-info-product-unknown\" value=\"unknown\"\n                    >\n                    <label class=\"form-check-label\" for=\"contact-us-info-product-unknown\">\n                        Nie wiem, dla kt\u00f3rego artyku\u0142u chc\u0119 otrzyma\u0107 arkusz danych                    <\/label>\n                <\/div>\n            <\/div>\n            <div class=\"tab-content\">\n                <div id=\"tab-known\" class=\"tab-pane active\">\n                    <div class=\"form-group\">\n                        <label for=\"contact-us-info-known-product\">Wprowad\u017a numer produktu lub tytu\u0142:<\/label>\n                        <input name=\"info-known-product\" id=\"contact-us-info-known-product\"\n                               class=\"form-control\"\n                               type=\"text\"\n                               autocomplete=\"off\"\n                               placeholder=\"Wpisz warto\u015b\u0107 (wi\u0119cej ni\u017c 3 znaki)\"\n                        >\n                    <\/div>\n                <\/div>\n                <div id=\"tab-unknown\" class=\"tab-pane\">\n                    <div class=\"form-group\">\n                        <label for=\"contact-us-info-unknown-sides\">Jednostronne czy dwustronne?<\/label>\n                        <select id=\"contact-us-info-unknown-sides\" name=\"info-unknown-sides\"\n                                class=\"form-control custom-select\"\n                        >\n                            <option selected>Dowolny<\/option>\n                                                            <option value=\"single\">Jednostronne<\/option>\n                                                            <option value=\"double\">Dwustronne<\/option>\n                                                    <\/select>\n                    <\/div>\n                    <div class=\"form-group\">\n                        <label for=\"contact-us-info-unknown-support\">Materia\u0142? <span class=\"tooltip\">Mo\u017cesz wybra\u0107 kilka pozycji<span class=\"hideonmobile\"> u\u017cywaj\u0105c Ctrl<\/span><\/span><\/label>\n                        <select id=\"contact-us-info-unknown-support\" name=\"info-unknown-support[]\" class=\"form-control custom-select\" size=\"4\" multiple>\n                            <option value=\"\" selected>Dowolny<\/option>\n                                                            <option value=\"metal\">Metal<\/option>\n                                                            <option value=\"glass\">Szk\u0142o<\/option>\n                                                            <option value=\"tile\">P\u0142ytka<\/option>\n                                                            <option value=\"wood\">Drewno<\/option>\n                                                            <option value=\"ABS\">ABS<\/option>\n                                                            <option value=\"PET\">PET<\/option>\n                                                            <option value=\"PMMA\">PMMA<\/option>\n                                                            <option value=\"PVC\">PCV<\/option>\n                                                            <option value=\"PS\">PS<\/option>\n                                                            <option value=\"PP\">PP<\/option>\n                                                            <option value=\"PE\">PE<\/option>\n                                                            <option value=\"EPDM\">EPDM<\/option>\n                                                    <\/select>\n                    <\/div>\n                    <div class=\"form-group\">\n                        <label for=\"contact-us-info-unknown-surface\">Powierzchnia?<\/label>\n                        <select id=\"contact-us-info-unknown-surface\" name=\"info-unknown-surface\" class=\"form-control custom-select\">\n                            <option selected>Dowolny<\/option>\n                                                            <option value=\"smooth\">G\u0142adka<\/option>\n                                                            <option value=\"average\">\u015arednio g\u0142adka<\/option>\n                                                            <option value=\"rough\">Szorstka<\/option>\n                                                    <\/select>\n                    <\/div>\n\n                    <div class=\"form-group\">\n                        <label for=\"contact-us-info-unknown-use\">Do u\u017cytku? <span class=\"tooltip\">Mo\u017cesz wybra\u0107 kilka pozycji<span class=\"hideonmobile\"> u\u017cywaj\u0105c Ctrl<\/span><\/span><\/label>\n                        <select id=\"contact-us-info-unknown-use\" name=\"info-unknown-use[]\" class=\"form-control custom-select\" size=\"4\" multiple>\n                            <option value=\"\" selected>Dowolny<\/option>\n                                                            <option value=\"indoor\">Wewn\u0105trz<\/option>\n                                                            <option value=\"outdoor\">Na zewn\u0105trz<\/option>\n                                                            <option value=\"high temperature\">Wysoka temperatura<\/option>\n                                                    <\/select>\n                    <\/div>\n                <\/div>\n            <\/div>\n            <div class=\"form-group\">\n                <label for=\"contact-us-info-comment\">Komentarz<\/label>\n                <textarea id=\"contact-us-info-comment\" name=\"info-comment\"\n                          rows=\"5\"\n                          class=\"form-control\"\n                          placeholder=\"Komentarz\"\n                ><\/textarea>\n            <\/div>\n        <\/div>\n    <\/div>\n    <!-- ****** -->\n    <div class=\"form-group\">\n      <div class=\"custom-control custom-checkbox\">\n        <input class=\"custom-control-input\" type=\"checkbox\" id=\"agree-11\" required\/>\n        <label class=\"custom-control-label\" for=\"agree-11\">\n          Przeczyta\u0142em i zgadzam si\u0119 z <a href=\"\/pl\/privacy\/\" target=\"_blank\"> Polityk\u0105 prywatno\u015bci<\/a>.\t\t<\/label>\n      <\/div>\n    <\/div>\n    <div class=\"form-group>\">\n        <button type=\"submit\" class=\"btn btn-primary\">Wy\u015blij<\/button>\n    <\/div>\n    <div class=\"elementor-field-type-recaptcha_v3 elementor-field-group elementor-column elementor-field-group-field_40217cf elementor-col-100 recaptcha_v3-bottomright\">\n      <div class=\"g-recaptcha\" data-sitekey=\"6LfClMkZAAAAAEH20wYIxDtSEXholq9rpLXk0sIZ\" data-type=\"v3\" data-badge=\"bottomright\" data-size=\"invisible\"><\/div>\n    <\/div>\n<\/form>\n<script type=\"text\/javascript\">\n    jQuery('ul#myTab li a').on('click', function () {\n        jQuery('#contact-us-tab-selected').val(jQuery(this).data('value'));\n    });\n\n    jQuery(document).ready(function(){\n        var tabs = $('#tab-info [data-toggle=tab-radio]');\n        tabs.on('click', function () {\n            tabs.removeClass('active')\n            jQuery(this).tab('show');\n        })\n        jQuery('#tab-info [data-toggle=tab-radio]:checked').tab('show');\n    });\n\n<\/script>\n<\/div>\n\t\t\t\t\t\t<\/div>\n\t\t\t\t<\/div>\n\t\t\t\t\t<\/div>\n\t\t<\/div>\n\t\t\t\t\t<\/div>\n\t\t<\/section>\n\t\t\t\t<\/div>\n\t\t","protected":false},"excerpt":{"rendered":"<p>Kontakt Gdzie jeste\u015bmy? OPTION TAPE SPECIALTIES N.V. Frankrijkstraat 89140 Temse, Belgia Tel: +32 3 710 19 19Fax: +32 3 711 34 64E-mail: info@optiontapespecialties.com \u0141ukasz WalkowskiAccountmanagerTel: +48 508 356&nbsp;158E-mail:&nbsp;lukasz@optiontapespecialties.com Kontakt Aby uzyska\u0107 wi\u0119cej informacji o naszych produktach lub us\u0142ugach, wype\u0142nij formularz. Skontaktujemy si\u0119 z Tob\u0105 tak szybko, jak to mo\u017cliwe.<\/p>\n","protected":false},"author":3,"featured_media":3547,"parent":0,"menu_order":0,"comment_status":"closed","ping_status":"closed","template":"","meta":{"_acf_changed":false,"_exactmetrics_skip_tracking":false,"_exactmetrics_sitenote_active":false,"_exactmetrics_sitenote_note":"","_exactmetrics_sitenote_category":0,"_monsterinsights_skip_tracking":false,"_monsterinsights_sitenote_active":false,"_monsterinsights_sitenote_note":"","_monsterinsights_sitenote_category":0,"footnotes":""},"class_list":["post-62","page","type-page","status-publish","has-post-thumbnail","hentry"],"acf":[],"aioseo_notices":[],"_links":{"self":[{"href":"https:\/\/www.optiontapespecialties.com\/pl\/wp-json\/wp\/v2\/pages\/62","targetHints":{"allow":["GET"]}}],"collection":[{"href":"https:\/\/www.optiontapespecialties.com\/pl\/wp-json\/wp\/v2\/pages"}],"about":[{"href":"https:\/\/www.optiontapespecialties.com\/pl\/wp-json\/wp\/v2\/types\/page"}],"author":[{"embeddable":true,"href":"https:\/\/www.optiontapespecialties.com\/pl\/wp-json\/wp\/v2\/users\/3"}],"replies":[{"embeddable":true,"href":"https:\/\/www.optiontapespecialties.com\/pl\/wp-json\/wp\/v2\/comments?post=62"}],"version-history":[{"count":8,"href":"https:\/\/www.optiontapespecialties.com\/pl\/wp-json\/wp\/v2\/pages\/62\/revisions"}],"predecessor-version":[{"id":11555,"href":"https:\/\/www.optiontapespecialties.com\/pl\/wp-json\/wp\/v2\/pages\/62\/revisions\/11555"}],"wp:featuredmedia":[{"embeddable":true,"href":"https:\/\/www.optiontapespecialties.com\/pl\/wp-json\/wp\/v2\/media\/3547"}],"wp:attachment":[{"href":"https:\/\/www.optiontapespecialties.com\/pl\/wp-json\/wp\/v2\/media?parent=62"}],"curies":[{"name":"wp","href":"https:\/\/api.w.org\/{rel}","templated":true}]}}