{"id":645,"date":"2020-07-22T20:29:43","date_gmt":"2020-07-22T17:29:43","guid":{"rendered":"http:\/\/optiontapespecialties.taniko.studio\/?page_id=645"},"modified":"2020-09-02T14:00:01","modified_gmt":"2020-09-02T14:00:01","slug":"sitemap","status":"publish","type":"page","link":"https:\/\/www.optiontapespecialties.com\/pl\/sitemap\/","title":{"rendered":"Mapa strony"},"content":{"rendered":"\t\t<div data-elementor-type=\"wp-page\" data-elementor-id=\"645\" class=\"elementor elementor-645\" data-elementor-post-type=\"page\">\n\t\t\t\t\t\t<section class=\"elementor-section elementor-top-section elementor-element elementor-element-613cfeb elementor-section-boxed elementor-section-height-default elementor-section-height-default\" data-id=\"613cfeb\" data-element_type=\"section\" data-e-type=\"section\" data-settings=\"{&quot;background_background&quot;:&quot;classic&quot;}\">\n\t\t\t\t\t\t<div class=\"elementor-container elementor-column-gap-default\">\n\t\t\t\t\t<div class=\"elementor-column elementor-col-100 elementor-top-column elementor-element elementor-element-2c732cc\" data-id=\"2c732cc\" data-element_type=\"column\" data-e-type=\"column\">\n\t\t\t<div class=\"elementor-widget-wrap elementor-element-populated\">\n\t\t\t\t\t\t<div class=\"elementor-element elementor-element-5d400a2 elementor-widget elementor-widget-heading\" data-id=\"5d400a2\" data-element_type=\"widget\" data-e-type=\"widget\" data-widget_type=\"heading.default\">\n\t\t\t\t<div class=\"elementor-widget-container\">\n\t\t\t\t\t<h1 class=\"elementor-heading-title elementor-size-default\">Mapa strony<\/h1>\t\t\t\t<\/div>\n\t\t\t\t<\/div>\n\t\t\t\t\t<\/div>\n\t\t<\/div>\n\t\t\t\t\t<\/div>\n\t\t<\/section>\n\t\t\t\t<section class=\"elementor-section elementor-top-section elementor-element elementor-element-f0bd61c elementor-section-columns elementor-section-columns_to-headings elementor-section-cards section_pb elementor-section-boxed elementor-section-height-default elementor-section-height-default\" data-id=\"f0bd61c\" data-element_type=\"section\" data-e-type=\"section\">\n\t\t\t\t\t\t<div class=\"elementor-container elementor-column-gap-default\">\n\t\t\t\t\t<div class=\"elementor-column elementor-col-33 elementor-top-column elementor-element elementor-element-f7c2b68\" data-id=\"f7c2b68\" data-element_type=\"column\" data-e-type=\"column\">\n\t\t\t<div class=\"elementor-widget-wrap elementor-element-populated\">\n\t\t\t\t\t\t<div class=\"elementor-element elementor-element-a28891d h3_row col_heading elementor-widget elementor-widget-heading\" data-id=\"a28891d\" data-element_type=\"widget\" data-e-type=\"widget\" data-widget_type=\"heading.default\">\n\t\t\t\t<div class=\"elementor-widget-container\">\n\t\t\t\t\t<h3 class=\"elementor-heading-title elementor-size-default\">Pages<\/h3>\t\t\t\t<\/div>\n\t\t\t\t<\/div>\n\t\t\t\t<div class=\"elementor-element elementor-element-6e8ae74 elementor-widget elementor-widget-sitemap\" data-id=\"6e8ae74\" data-element_type=\"widget\" data-e-type=\"widget\" data-widget_type=\"sitemap.default\">\n\t\t\t\t<div class=\"elementor-widget-container\">\n\t\t\t\t\t<div class=\"elementor-sitemap-wrap\"><div class=\"elementor-sitemap-section\"><h3 class=\"elementor-sitemap-title elementor-sitemap-page-title\">Hide Title<\/h3><ul class=\"elementor-sitemap-list elementor-sitemap-page-list\"><li class=\"elementor-sitemap-item elementor-sitemap-item-page page_item page-item-60\"><a href=\"https:\/\/www.optiontapespecialties.com\/pl\/about-us\/\">O nas<\/a><\/li><li class=\"elementor-sitemap-item elementor-sitemap-item-page page_item page-item-62\"><a href=\"https:\/\/www.optiontapespecialties.com\/pl\/contact-us\/\">Kontakt<\/a><\/li><li class=\"elementor-sitemap-item elementor-sitemap-item-page page_item page-item-74\"><a href=\"https:\/\/www.optiontapespecialties.com\/pl\/die-cutting\/\">Wykroje<\/a><\/li><li class=\"elementor-sitemap-item elementor-sitemap-item-page page_item page-item-267\"><a href=\"https:\/\/www.optiontapespecialties.com\/pl\/disclaimer\/\">Zrzeczenie<\/a><\/li><li class=\"elementor-sitemap-item elementor-sitemap-item-page page_item page-item-265\"><a href=\"https:\/\/www.optiontapespecialties.com\/pl\/general-conditions\/\">Og\u00f3lne warunki<\/a><\/li><li class=\"elementor-sitemap-item elementor-sitemap-item-page page_item page-item-257\"><a href=\"https:\/\/www.optiontapespecialties.com\/pl\/\">Strona g\u0142\u00f3wna<\/a><\/li><li class=\"elementor-sitemap-item elementor-sitemap-item-page page_item page-item-4035\"><a href=\"https:\/\/www.optiontapespecialties.com\/pl\/bttt_quiz\/\">(English) OTS Basic Technical Tape Training &#8211; Quiz<\/a><\/li><li class=\"elementor-sitemap-item elementor-sitemap-item-page page_item page-item-269\"><a href=\"https:\/\/www.optiontapespecialties.com\/pl\/privacy\/\">Prywatno\u015b\u0107<\/a><\/li><li class=\"elementor-sitemap-item elementor-sitemap-item-page page_item page-item-70\"><a href=\"https:\/\/www.optiontapespecialties.com\/pl\/private-label\/\">Marka w\u0142asna<\/a><\/li><li class=\"elementor-sitemap-item elementor-sitemap-item-page page_item page-item-72\"><a href=\"https:\/\/www.optiontapespecialties.com\/pl\/production\/\">Produkcja<\/a><\/li><li class=\"elementor-sitemap-item elementor-sitemap-item-page page_item page-item-271\"><a href=\"https:\/\/www.optiontapespecialties.com\/pl\/terms-and-conditions-of-sale\/\">Warunki sprzeda\u017cy<\/a><\/li><li class=\"elementor-sitemap-item elementor-sitemap-item-page page_item page-item-6809\"><a href=\"https:\/\/www.optiontapespecialties.com\/pl\/vacature\/\">(Nederlands) Vacature<\/a><\/li><\/ul><\/div><\/div>\t\t\t\t<\/div>\n\t\t\t\t<\/div>\n\t\t\t\t\t<\/div>\n\t\t<\/div>\n\t\t\t\t<div class=\"elementor-column elementor-col-33 elementor-top-column elementor-element elementor-element-03f2523\" data-id=\"03f2523\" data-element_type=\"column\" data-e-type=\"column\">\n\t\t\t<div class=\"elementor-widget-wrap elementor-element-populated\">\n\t\t\t\t\t\t<div class=\"elementor-element elementor-element-68fe191 h3_row col_heading elementor-widget elementor-widget-heading\" data-id=\"68fe191\" data-element_type=\"widget\" data-e-type=\"widget\" data-widget_type=\"heading.default\">\n\t\t\t\t<div class=\"elementor-widget-container\">\n\t\t\t\t\t<h3 class=\"elementor-heading-title elementor-size-default\">Bran\u017ce<\/h3>\t\t\t\t<\/div>\n\t\t\t\t<\/div>\n\t\t\t\t<div class=\"elementor-element elementor-element-9941981 elementor-widget elementor-widget-shortcode\" data-id=\"9941981\" data-element_type=\"widget\" data-e-type=\"widget\" data-widget_type=\"shortcode.default\">\n\t\t\t\t<div class=\"elementor-widget-container\">\n\t\t\t\t\t\t\t<div class=\"elementor-shortcode\">\n<ul class=\"sc-menu-markets\">\n            <li class=\"sc-menu-markets-item\">\n            <a href=\"\/products\/?get_market=Bezpiecze\u0144stwo\" class=\"sc-menu-markets-link\">\n                Bezpiecze\u0144stwo            <\/a>\n        <\/li>\n            <li class=\"sc-menu-markets-item\">\n            <a href=\"\/products\/?get_market=Budowlana\" class=\"sc-menu-markets-link\">\n                Budowlana            <\/a>\n        <\/li>\n            <li class=\"sc-menu-markets-item\">\n            <a href=\"\/products\/?get_market=Expo\" class=\"sc-menu-markets-link\">\n                Expo            <\/a>\n        <\/li>\n            <li class=\"sc-menu-markets-item\">\n            <a href=\"\/products\/?get_market=Konserwacja przemys\u0142owa\" class=\"sc-menu-markets-link\">\n                Konserwacja przemys\u0142owa            <\/a>\n        <\/li>\n            <li class=\"sc-menu-markets-item\">\n            <a href=\"\/products\/?get_market=Rozwi\u0105zania w zakresie spoiw przemys\u0142owych\" class=\"sc-menu-markets-link\">\n                Rozwi\u0105zania w zakresie spoiw przemys\u0142owych            <\/a>\n        <\/li>\n            <li class=\"sc-menu-markets-item\">\n            <a href=\"\/products\/?get_market=Rynek motoryzacyjny\" class=\"sc-menu-markets-link\">\n                Rynek motoryzacyjny            <\/a>\n        <\/li>\n            <li class=\"sc-menu-markets-item\">\n            <a href=\"\/products\/?get_market=\u015awiat\u0142o i d\u017awi\u0119k\" class=\"sc-menu-markets-link\">\n                \u015awiat\u0142o i d\u017awi\u0119k            <\/a>\n        <\/li>\n    <\/ul>\n<\/div>\n\t\t\t\t\t\t<\/div>\n\t\t\t\t<\/div>\n\t\t\t\t\t<\/div>\n\t\t<\/div>\n\t\t\t\t<div class=\"elementor-column elementor-col-33 elementor-top-column elementor-element elementor-element-4988b95\" data-id=\"4988b95\" data-element_type=\"column\" data-e-type=\"column\">\n\t\t\t<div class=\"elementor-widget-wrap elementor-element-populated\">\n\t\t\t\t\t\t<div class=\"elementor-element elementor-element-464cdc9 h3_row col_heading elementor-widget elementor-widget-heading\" data-id=\"464cdc9\" data-element_type=\"widget\" data-e-type=\"widget\" data-widget_type=\"heading.default\">\n\t\t\t\t<div class=\"elementor-widget-container\">\n\t\t\t\t\t<h3 class=\"elementor-heading-title elementor-size-default\">Produkty<\/h3>\t\t\t\t<\/div>\n\t\t\t\t<\/div>\n\t\t\t\t<div class=\"elementor-element elementor-element-d7b3a66 elementor-widget elementor-widget-shortcode\" data-id=\"d7b3a66\" data-element_type=\"widget\" data-e-type=\"widget\" data-widget_type=\"shortcode.default\">\n\t\t\t\t<div class=\"elementor-widget-container\">\n\t\t\t\t\t\t\t<div class=\"elementor-shortcode\">\n<ul class=\"sc-menu-products\">\n                <li class=\"sc-menu-products-product\">\n            <a href=\"\/products\/?get_type=Rzepy i Duogrip\" class=\"sc-menu-products-product-link\">\n                Rzepy i Duogrip            <\/a>\n                            <ul class=\"sc-menu-products-sub\">\n                                        <li class=\"sc-menu-products-subproduct\">\n                        <a href=\"\/products\/?get_type=Duogrip\" class=\"sc-menu-products-product-link\">\n                            Duogrip                        <\/a>\n                    <\/li>\n                                        <li class=\"sc-menu-products-subproduct\">\n                        <a href=\"\/products\/?get_type=Ta\u015bmy rzepowe\" class=\"sc-menu-products-product-link\">\n                            Ta\u015bmy rzepowe                        <\/a>\n                    <\/li>\n                                    <\/ul>\n                    <\/li>\n                <li class=\"sc-menu-products-product\">\n            <a href=\"\/products\/?get_type=Ta\u015bma PTFE\" class=\"sc-menu-products-product-link\">\n                Ta\u015bma PTFE            <\/a>\n                    <\/li>\n                <li class=\"sc-menu-products-product\">\n            <a href=\"\/products\/?get_type=Ta\u015bmy aluminiowe\" class=\"sc-menu-products-product-link\">\n                Ta\u015bmy aluminiowe            <\/a>\n                    <\/li>\n                <li class=\"sc-menu-products-product\">\n            <a href=\"\/products\/?get_type=Ta\u015bmy bezpiecze\u0144stwa\" class=\"sc-menu-products-product-link\">\n                Ta\u015bmy bezpiecze\u0144stwa            <\/a>\n                            <ul class=\"sc-menu-products-sub\">\n                                        <li class=\"sc-menu-products-subproduct\">\n                        <a href=\"\/products\/?get_type=Ta\u015bmy antyposlizgowe\" class=\"sc-menu-products-product-link\">\n                            Ta\u015bmy antyposlizgowe                        <\/a>\n                    <\/li>\n                                        <li class=\"sc-menu-products-subproduct\">\n                        <a href=\"\/products\/?get_type=Ta\u015bmy do znakowania\" class=\"sc-menu-products-product-link\">\n                            Ta\u015bmy do znakowania                        <\/a>\n                    <\/li>\n                                        <li class=\"sc-menu-products-subproduct\">\n                        <a href=\"\/products\/?get_type=Ta\u015bmy fotoluminescencyjne\" class=\"sc-menu-products-product-link\">\n                            Ta\u015bmy fotoluminescencyjne                        <\/a>\n                    <\/li>\n                                    <\/ul>\n                    <\/li>\n                <li class=\"sc-menu-products-product\">\n            <a href=\"\/products\/?get_type=Ta\u015bmy dwustronne\" class=\"sc-menu-products-product-link\">\n                Ta\u015bmy dwustronne            <\/a>\n                            <ul class=\"sc-menu-products-sub\">\n                                        <li class=\"sc-menu-products-subproduct\">\n                        <a href=\"\/products\/?get_type=Dwustronne ta\u015bmy foliowe\" class=\"sc-menu-products-product-link\">\n                            Dwustronne ta\u015bmy foliowe                        <\/a>\n                    <\/li>\n                                        <li class=\"sc-menu-products-subproduct\">\n                        <a href=\"\/products\/?get_type=Dwustronne ta\u015bmy materia\u0142owe\" class=\"sc-menu-products-product-link\">\n                            Dwustronne ta\u015bmy materia\u0142owe                        <\/a>\n                    <\/li>\n                                        <li class=\"sc-menu-products-subproduct\">\n                        <a href=\"\/products\/?get_type=Dwustronne ta\u015bmy PU\" class=\"sc-menu-products-product-link\">\n                            Dwustronne ta\u015bmy PU                        <\/a>\n                    <\/li>\n                                        <li class=\"sc-menu-products-subproduct\">\n                        <a href=\"\/products\/?get_type=Dwustronne ta\u015bmy transferowe\" class=\"sc-menu-products-product-link\">\n                            Dwustronne ta\u015bmy transferowe                        <\/a>\n                    <\/li>\n                                        <li class=\"sc-menu-products-subproduct\">\n                        <a href=\"\/products\/?get_type=Dwustronne ta\u015bmy w\u0142\u00f3kninowe\" class=\"sc-menu-products-product-link\">\n                            Dwustronne ta\u015bmy w\u0142\u00f3kninowe                        <\/a>\n                    <\/li>\n                                        <li class=\"sc-menu-products-subproduct\">\n                        <a href=\"\/products\/?get_type=Dwustronne ta\u015bmy z pianki akrylowej\" class=\"sc-menu-products-product-link\">\n                            Dwustronne ta\u015bmy z pianki akrylowej                        <\/a>\n                    <\/li>\n                                        <li class=\"sc-menu-products-subproduct\">\n                        <a href=\"\/products\/?get_type=Dwustronne ta\u015bmy z pianki PE\" class=\"sc-menu-products-product-link\">\n                            Dwustronne ta\u015bmy z pianki PE                        <\/a>\n                    <\/li>\n                                        <li class=\"sc-menu-products-subproduct\">\n                        <a href=\"\/products\/?get_type=Paski klejowe\" class=\"sc-menu-products-product-link\">\n                            Paski klejowe                        <\/a>\n                    <\/li>\n                                    <\/ul>\n                    <\/li>\n                <li class=\"sc-menu-products-product\">\n            <a href=\"\/products\/?get_type=Ta\u015bmy foliowe\" class=\"sc-menu-products-product-link\">\n                Ta\u015bmy foliowe            <\/a>\n                            <ul class=\"sc-menu-products-sub\">\n                                        <li class=\"sc-menu-products-subproduct\">\n                        <a href=\"\/products\/?get_type=Folie ochronne\" class=\"sc-menu-products-product-link\">\n                            Folie ochronne                        <\/a>\n                    <\/li>\n                                        <li class=\"sc-menu-products-subproduct\">\n                        <a href=\"\/products\/?get_type=Folie PET\" class=\"sc-menu-products-product-link\">\n                            Folie PET                        <\/a>\n                    <\/li>\n                                        <li class=\"sc-menu-products-subproduct\">\n                        <a href=\"\/products\/?get_type=Ta\u015bmy ochronne do szk\u0142a\" class=\"sc-menu-products-product-link\">\n                            Ta\u015bmy ochronne do szk\u0142a                        <\/a>\n                    <\/li>\n                                        <li class=\"sc-menu-products-subproduct\">\n                        <a href=\"\/products\/?get_type=Ta\u015bmy PCV\" class=\"sc-menu-products-product-link\">\n                            Ta\u015bmy PCV                        <\/a>\n                    <\/li>\n                                        <li class=\"sc-menu-products-subproduct\">\n                        <a href=\"\/products\/?get_type=Ta\u015bmy PE\" class=\"sc-menu-products-product-link\">\n                            Ta\u015bmy PE                        <\/a>\n                    <\/li>\n                                    <\/ul>\n                    <\/li>\n                <li class=\"sc-menu-products-product\">\n            <a href=\"\/products\/?get_type=Ta\u015bmy izolacyjne\" class=\"sc-menu-products-product-link\">\n                Ta\u015bmy izolacyjne            <\/a>\n                            <ul class=\"sc-menu-products-sub\">\n                                        <li class=\"sc-menu-products-subproduct\">\n                        <a href=\"\/products\/?get_type=Ta\u015bmy izolacyjne z PVC\" class=\"sc-menu-products-product-link\">\n                            Ta\u015bmy izolacyjne z PVC                        <\/a>\n                    <\/li>\n                                        <li class=\"sc-menu-products-subproduct\">\n                        <a href=\"\/products\/?get_type=Ta\u015bmy ochronne do kabli\" class=\"sc-menu-products-product-link\">\n                            Ta\u015bmy ochronne do kabli                        <\/a>\n                    <\/li>\n                                    <\/ul>\n                    <\/li>\n                <li class=\"sc-menu-products-product\">\n            <a href=\"\/products\/?get_type=Ta\u015bmy maskuj\u0105ce\" class=\"sc-menu-products-product-link\">\n                Ta\u015bmy maskuj\u0105ce            <\/a>\n                            <ul class=\"sc-menu-products-sub\">\n                                        <li class=\"sc-menu-products-subproduct\">\n                        <a href=\"\/products\/?get_type=Ta\u015bmy maskuj\u0105ce krepowe\" class=\"sc-menu-products-product-link\">\n                            Ta\u015bmy maskuj\u0105ce krepowe                        <\/a>\n                    <\/li>\n                                        <li class=\"sc-menu-products-subproduct\">\n                        <a href=\"\/products\/?get_type=Ta\u015bmy maskuj\u0105ce Washi\" class=\"sc-menu-products-product-link\">\n                            Ta\u015bmy maskuj\u0105ce Washi                        <\/a>\n                    <\/li>\n                                        <li class=\"sc-menu-products-subproduct\">\n                        <a href=\"\/products\/?get_type=Ta\u015bmy odcinaj\u0105co maskuj\u0105ce\" class=\"sc-menu-products-product-link\">\n                            Ta\u015bmy odcinaj\u0105co maskuj\u0105ce                        <\/a>\n                    <\/li>\n                                    <\/ul>\n                    <\/li>\n                <li class=\"sc-menu-products-product\">\n            <a href=\"\/products\/?get_type=Ta\u015bmy odcinaj\u0105ce\" class=\"sc-menu-products-product-link\">\n                Ta\u015bmy odcinaj\u0105ce            <\/a>\n                    <\/li>\n                <li class=\"sc-menu-products-product\">\n            <a href=\"\/products\/?get_type=Ta\u015bmy samowulkanizuj\u0105ce\" class=\"sc-menu-products-product-link\">\n                Ta\u015bmy samowulkanizuj\u0105ce            <\/a>\n                    <\/li>\n                <li class=\"sc-menu-products-product\">\n            <a href=\"\/products\/?get_type=Ta\u015bmy tekstylne i typu duct\" class=\"sc-menu-products-product-link\">\n                Ta\u015bmy tekstylne i typu duct            <\/a>\n                            <ul class=\"sc-menu-products-sub\">\n                                        <li class=\"sc-menu-products-subproduct\">\n                        <a href=\"\/products\/?get_type=Ta\u015bmy duct\" class=\"sc-menu-products-product-link\">\n                            Ta\u015bmy duct                        <\/a>\n                    <\/li>\n                                        <li class=\"sc-menu-products-subproduct\">\n                        <a href=\"\/products\/?get_type=Ta\u015bmy tekstylne\" class=\"sc-menu-products-product-link\">\n                            Ta\u015bmy tekstylne                        <\/a>\n                    <\/li>\n                                    <\/ul>\n                    <\/li>\n                <li class=\"sc-menu-products-product\">\n            <a href=\"\/products\/?get_type=Ta\u015bmy uszczelniaj\u0105ce\" class=\"sc-menu-products-product-link\">\n                Ta\u015bmy uszczelniaj\u0105ce            <\/a>\n                            <ul class=\"sc-menu-products-sub\">\n                                        <li class=\"sc-menu-products-subproduct\">\n                        <a href=\"\/products\/?get_type=Jednostronna ta\u015bma uszczelniaj\u0105ca\" class=\"sc-menu-products-product-link\">\n                            Jednostronna ta\u015bma uszczelniaj\u0105ca                        <\/a>\n                    <\/li>\n                                        <li class=\"sc-menu-products-subproduct\">\n                        <a href=\"\/products\/?get_type=Ta\u015bmy banerowe\" class=\"sc-menu-products-product-link\">\n                            Ta\u015bmy banerowe                        <\/a>\n                    <\/li>\n                                        <li class=\"sc-menu-products-subproduct\">\n                        <a href=\"\/products\/?get_type=Ta\u015bmy butylowe\" class=\"sc-menu-products-product-link\">\n                            Ta\u015bmy butylowe                        <\/a>\n                    <\/li>\n                                    <\/ul>\n                    <\/li>\n    <\/ul>\n<\/div>\n\t\t\t\t\t\t<\/div>\n\t\t\t\t<\/div>\n\t\t\t\t\t<\/div>\n\t\t<\/div>\n\t\t\t\t\t<\/div>\n\t\t<\/section>\n\t\t\t\t<\/div>\n\t\t","protected":false},"excerpt":{"rendered":"<p>Mapa strony Pages Bran\u017ce Produkty<\/p>\n","protected":false},"author":3,"featured_media":0,"parent":0,"menu_order":0,"comment_status":"closed","ping_status":"closed","template":"","meta":{"_acf_changed":false,"_exactmetrics_skip_tracking":false,"_exactmetrics_sitenote_active":false,"_exactmetrics_sitenote_note":"","_exactmetrics_sitenote_category":0,"_monsterinsights_skip_tracking":false,"_monsterinsights_sitenote_active":false,"_monsterinsights_sitenote_note":"","_monsterinsights_sitenote_category":0,"footnotes":""},"class_list":["post-645","page","type-page","status-publish","hentry"],"acf":[],"aioseo_notices":[],"_links":{"self":[{"href":"https:\/\/www.optiontapespecialties.com\/pl\/wp-json\/wp\/v2\/pages\/645","targetHints":{"allow":["GET"]}}],"collection":[{"href":"https:\/\/www.optiontapespecialties.com\/pl\/wp-json\/wp\/v2\/pages"}],"about":[{"href":"https:\/\/www.optiontapespecialties.com\/pl\/wp-json\/wp\/v2\/types\/page"}],"author":[{"embeddable":true,"href":"https:\/\/www.optiontapespecialties.com\/pl\/wp-json\/wp\/v2\/users\/3"}],"replies":[{"embeddable":true,"href":"https:\/\/www.optiontapespecialties.com\/pl\/wp-json\/wp\/v2\/comments?post=645"}],"version-history":[{"count":1,"href":"https:\/\/www.optiontapespecialties.com\/pl\/wp-json\/wp\/v2\/pages\/645\/revisions"}],"predecessor-version":[{"id":3593,"href":"https:\/\/www.optiontapespecialties.com\/pl\/wp-json\/wp\/v2\/pages\/645\/revisions\/3593"}],"wp:attachment":[{"href":"https:\/\/www.optiontapespecialties.com\/pl\/wp-json\/wp\/v2\/media?parent=645"}],"curies":[{"name":"wp","href":"https:\/\/api.w.org\/{rel}","templated":true}]}}