{"id":70,"date":"2020-05-31T13:07:08","date_gmt":"2020-05-31T10:07:08","guid":{"rendered":"http:\/\/optiontapespecialties.taniko.studio\/?page_id=70"},"modified":"2020-11-25T10:28:26","modified_gmt":"2020-11-25T10:28:26","slug":"private-label","status":"publish","type":"page","link":"https:\/\/www.optiontapespecialties.com\/pl\/private-label\/","title":{"rendered":"Marka w\u0142asna"},"content":{"rendered":"\t\t<div data-elementor-type=\"wp-page\" data-elementor-id=\"70\" class=\"elementor elementor-70\" data-elementor-post-type=\"page\">\n\t\t\t\t\t\t<section class=\"elementor-section elementor-top-section elementor-element elementor-element-9b092b3 main-title main-title_inner main-title_bg elementor-section-content-middle elementor-section-boxed elementor-section-height-default elementor-section-height-default\" data-id=\"9b092b3\" data-element_type=\"section\" data-e-type=\"section\" data-settings=\"{&quot;background_background&quot;:&quot;classic&quot;}\">\n\t\t\t\t\t\t\t<div class=\"elementor-background-overlay\"><\/div>\n\t\t\t\t\t\t\t<div class=\"elementor-container elementor-column-gap-default\">\n\t\t\t\t\t<div class=\"elementor-column elementor-col-100 elementor-top-column elementor-element elementor-element-68707ed\" data-id=\"68707ed\" data-element_type=\"column\" data-e-type=\"column\">\n\t\t\t<div class=\"elementor-widget-wrap elementor-element-populated\">\n\t\t\t\t\t\t<div class=\"elementor-element elementor-element-ce50a07 elementor-widget elementor-widget-heading\" data-id=\"ce50a07\" data-element_type=\"widget\" data-e-type=\"widget\" data-widget_type=\"heading.default\">\n\t\t\t\t<div class=\"elementor-widget-container\">\n\t\t\t\t\t<h1 class=\"elementor-heading-title elementor-size-default\"><b>MARKA W\u0141ASNA<br><\/b><span style=\"font-weight: 400\">TA\u015aM KLEJ\u0104CYCH<\/span><b><\/b><\/h1>\t\t\t\t<\/div>\n\t\t\t\t<\/div>\n\t\t\t\t\t<\/div>\n\t\t<\/div>\n\t\t\t\t\t<\/div>\n\t\t<\/section>\n\t\t\t\t<section class=\"elementor-section elementor-top-section elementor-element elementor-element-f07d924 elementor-section-boxed elementor-section-height-default elementor-section-height-default\" data-id=\"f07d924\" data-element_type=\"section\" data-e-type=\"section\">\n\t\t\t\t\t\t<div class=\"elementor-container elementor-column-gap-default\">\n\t\t\t\t\t<div class=\"elementor-column elementor-col-100 elementor-top-column elementor-element elementor-element-7d5ba7b\" data-id=\"7d5ba7b\" data-element_type=\"column\" data-e-type=\"column\">\n\t\t\t<div class=\"elementor-widget-wrap elementor-element-populated\">\n\t\t\t\t\t\t<div class=\"elementor-element elementor-element-3a400d6 elementor-widget elementor-widget-shortcode\" data-id=\"3a400d6\" data-element_type=\"widget\" data-e-type=\"widget\" data-widget_type=\"shortcode.default\">\n\t\t\t\t<div class=\"elementor-widget-container\">\n\t\t\t\t\t \t\t<div class=\"container pb-5 pt-4\">\n\t\t\t<aitcle class=\"steps__article pb-4 mb-2 text-center d-block\">\n\t\t\t\t<p>Nasze innowacyjne maszyny przetwarzaj\u0105ce mog\u0105 produkowa\u0107 rolki o dowolnej wielko\u015bci i szeroko\u015bci z r\u00f3\u017cnych materia\u0142\u00f3w. Taka elastyczno\u015b\u0107 zapewnia, \u017ce mo\u017cemy <strong>stworzy\u0107 indywidualne rozwi\u0105zanie<\/strong>, niezale\u017cnie od Twoich wymaga\u0144. Jeste\u015bmy r\u00f3wnie\u017c w stanie dostarczy\u0107 <strong>profesjonalne i zindywidualizowane opakowania<\/strong>, kt\u00f3re spe\u0142niaj\u0105 Twoje za\u0142o\u017cenia odno\u015bcie wygl\u0105du produktu.<\/p>\n\t\t\t\t<h2>4 kroki do rozwi\u0105zania szytego na miar\u0119<\/h2>\n\t\t\t<\/aitcle>\n\t\t\t<ol class=\"steps\" id=\"accordionSteps\">\n\t\t\t\t<li class=\"steps__item steps__item_toggle\"><a class=\"steps__item__link\" href=\"#collapseRightProduct\" data-toggle=\"collapse\" data-target=\"#collapseRightProduct\" aria-expanded=\"true\"><span class=\"steps__item__counter\">1<\/span><span class=\"steps__item__text\"><span class=\"steps__item__text-inner\">W\u0142a\u015bciwy produkt<\/span><\/span>\n\t\t\t\t\t\t<p class=\"steps__item__text-mobile d-md-none\">Udzielamy porad dotycz\u0105cych <strong>odpowiedniego produktu<\/strong> do konkretnego zastosowania<\/p><\/a><\/li>\n\t\t\t\t<!-- content toggle accordion-->\n\t\t\t\t<li class=\"steps__item steps__item_content order-md-last  mx-md-0 collapse show\" id=\"collapseRightProduct\" data-parent=\"#accordionSteps\">\n\t\t\t\t\t<article class=\"steps__item__article\">\n\t\t\t\t\t\t<div class=\"row\">\n\t\t\t\t\t\t\t<div class=\"col-md col-12\">\n\t\t\t\t\t\t\t\t<h5>Udzielamy porad dotycz\u0105cych <strong>odpowiedniego produktu<\/strong> do konkretnego zastosowania<\/h5>\n\t\t\t\t\t\t\t\t<p>Dzi\u0119ki wieloletniemu do\u015bwiadczeniu nasi wewn\u0119trzni specjali\u015bci s\u0105 w stanie dobra\u0107 ta\u015bmy najlepiej odpowiadaj\u0105ce Twoim potrzebom.<\/p>\n<p>Nasza szeroka i kompletna oferta ta\u015bm umo\u017cliwia nam znalezienie rozwi\u0105zania dla wi\u0119kszo\u015bci zastosowa\u0144.<\/p>\n\t\t\t\t\t\t\t<\/div>\n\t\t\t\t\t\t\t<div class=\"col-md col-12 text-center text-md-right order-first order-md-last mb-4 mb-md-0\"><img decoding=\"async\" src=\"https:\/\/www.optiontapespecialties.com\/wp-content\/uploads\/2020\/07\/Right_product-1.jpg\" alt=\"Steps product\"><\/div>\n\t\t\t\t\t\t<\/div>\n\t\t\t\t\t<\/article>\n\t\t\t\t\t<div class=\"text-center pt-1 mt-3 d-none d-md-block\"><a class=\"btn btn-primary popup-window\" data-toggle=\"modal\" data-target=\"#privateDatasheets1\" data-title=\"Chcia\u0142bym dowiedzie\u0107 si\u0119 wi\u0119cej o marce w\u0142asnej\" href=\"#privateDatasheets1\">Zaczynajmy<\/a><\/div>\n\t\t\t\t<\/li>\n\t\t\t\t<li class=\"steps__item steps__item_toggle\"><a class=\"steps__item__link collapsed\" href=\"#collapseCore\" data-toggle=\"collapse\" data-target=\"#collapseCore\" aria-expanded=\"false\"><span class=\"steps__item__counter\">2<\/span><span class=\"steps__item__text\"><span class=\"steps__item__text-inner\">Rdze\u0144<\/span><\/span>\n\t\t\t\t\t\t<p class=\"steps__item__text-mobile d-md-none\">Doradzamy, w jaki spos\u00f3b <strong>rdze\u0144<\/strong> Twojej ta\u015bmy mo\u017ce Ci pom\u00f3c<\/p><\/a><\/li>\n\t\t\t\t<!-- content toggle accordion-->\n\t\t\t\t<li class=\"steps__item steps__item_content order-md-last  mx-md-0 collapse\" id=\"collapseCore\" data-parent=\"#accordionSteps\">\n\t\t\t\t\t<article class=\"steps__item__article\">\n\t\t\t\t\t\t<div class=\"row\">\n\t\t\t\t\t\t\t<div class=\"col-md col-12\">\n\t\t\t\t\t\t\t\t<h5>Doradzamy, w jaki spos\u00f3b <strong>rdze\u0144<\/strong> Twojej ta\u015bmy mo\u017ce Ci pom\u00f3c<\/h5>\n\t\t\t\t\t\t\t\t<p>Nasi wewn\u0119trzni specjali\u015bci doradz\u0105, jakie mamy mo\u017cliwo\u015bci, aby wyprodukowa\u0107 Twoje ta\u015bmy na rdzeniu pod mark\u0105 w\u0142asn\u0105.<\/p>\n<p>Twoje logo b\u0119dzie zawsze widoczne podczas u\u017cytkowania ta\u015bmy.<\/p>\n<h6>Mo\u017cliwo\u015bci<\/h6>\n<ol>\n<li>Prywatny rdze\u0144 z logo drukowanym w 1 kolorze<\/li>\n<li>Prywatny rdze\u0144 z logo wydrukowanym w 2 kolorach<\/li>\n<li>Inne opcje na zam\u00f3wienie<\/li>\n<\/ol>\n<h6>Kierunek nadruku<\/h6>\n<ol type=\"A\">\n<li>Prosto przez rdze\u0144<\/li>\n<li>Przek\u0105tnie przez rdze\u0144<\/li>\n<\/ol>\n\t\t\t\t\t\t\t<\/div>\n\t\t\t\t\t\t\t<div class=\"col-md col-12 text-center text-md-right order-first order-md-last mb-4 mb-md-0\"><img decoding=\"async\" src=\"https:\/\/www.optiontapespecialties.com\/wp-content\/uploads\/2020\/07\/Core-1.jpg\" alt=\"Steps product\"><\/div>\n\t\t\t\t\t\t<\/div>\n\t\t\t\t\t<\/article>\n\t\t\t\t\t<div class=\"text-center pt-1 mt-3 d-none d-md-block\"><a class=\"btn btn-primary popup-window\" data-toggle=\"modal\" data-target=\"#privateDatasheets1\" data-title=\"Chcia\u0142bym dowiedzie\u0107 si\u0119 wi\u0119cej o marce w\u0142asnej\" href=\"#privateDatasheets1\">Zaczynajmy<\/a><\/div>\n\t\t\t\t<\/li>\n\t\t\t\t<li class=\"steps__item steps__item_toggle\"><a class=\"steps__item__link collapsed\" href=\"#collapsePackaging\" data-toggle=\"collapse\" data-target=\"#collapsePackaging\" aria-expanded=\"false\"><span class=\"steps__item__counter\">3<\/span><span class=\"steps__item__text\"><span class=\"steps__item__text-inner\">Opakowanie<\/span><\/span>\n\t\t\t\t\t\t<p class=\"steps__item__text-mobile d-md-none\">Doradzamy jak najlepsze <strong>opakowanie<\/strong> dla Twojego produktu<\/p><\/a><\/li>\n\t\t\t\t<!-- content toggle accordion-->\n\t\t\t\t<li class=\"steps__item steps__item_content order-md-last  mx-md-0 collapse\" id=\"collapsePackaging\" data-parent=\"#accordionSteps\">\n\t\t\t\t\t<article class=\"steps__item__article\">\n\t\t\t\t\t\t<div class=\"row\">\n\t\t\t\t\t\t\t<div class=\"col-md col-12\">\n\t\t\t\t\t\t\t\t<h5>Doradzamy jak najlepsze <strong>opakowanie<\/strong> dla Twojego produktu<\/h5>\n\t\t\t\t\t\t\t\t<p>Nasze rozbudowane i zaawansowane maszyny do pakowania pozwalaj\u0105 nam dostarczy\u0107 profesjonalne i indywidualne opakowanie, kt\u00f3re spe\u0142ni Twoje wymagania.<\/p>\n<p>Nasz wewn\u0119trzny zesp\u00f3\u0142 projektowy jest gotowy pom\u00f3c w zaprojektowaniu opakowania.<\/p>\n<h6>Mo\u017cliwo\u015bci<\/h6>\n<ol>\n<li>Luzem<\/li>\n<li>Pude\u0142ka<\/li>\n<li>Opakowania kartonowe typu sleeves<\/li>\n<li>Opakowania plastikowe typu sleeves<\/li>\n<li>Opakowania Shrink<\/li>\n<li>Opakowania blistrowe<\/li>\n<li>Autobagi<\/li>\n<li>Worki zamykane na suwak<\/li>\n<\/ol>\n\t\t\t\t\t\t\t<\/div>\n\t\t\t\t\t\t\t<div class=\"col-md col-12 text-center text-md-right order-first order-md-last mb-4 mb-md-0\"><img decoding=\"async\" src=\"https:\/\/www.optiontapespecialties.com\/wp-content\/uploads\/2020\/07\/Packaging-1.jpg\" alt=\"Steps product\"><\/div>\n\t\t\t\t\t\t<\/div>\n\t\t\t\t\t<\/article>\n\t\t\t\t\t<div class=\"text-center pt-1 mt-3 d-none d-md-block\"><a class=\"btn btn-primary popup-window\" data-toggle=\"modal\" data-target=\"#privateDatasheets1\" data-title=\"Chcia\u0142bym dowiedzie\u0107 si\u0119 wi\u0119cej o marce w\u0142asnej\" href=\"#privateDatasheets1\">Zaczynajmy<\/a><\/div>\n\t\t\t\t<\/li>\n\t\t\t\t<li class=\"steps__item steps__item_toggle\"><a class=\"steps__item__link collapsed\" href=\"#collapseDelivery\" data-toggle=\"collapse\" data-target=\"#collapseDelivery\" aria-expanded=\"false\"><span class=\"steps__item__counter\">4<\/span><span class=\"steps__item__text\"><span class=\"steps__item__text-inner\">Dostawa<\/span><\/span>\n\t\t\t\t\t\t<p class=\"steps__item__text-mobile d-md-none\"><strong>Dostarczamy<\/strong> Tw\u00f3j produkt na Twoich warunkach<\/p><\/a><\/li>\n\t\t\t\t<!-- content toggle accordion-->\n\t\t\t\t<li class=\"steps__item steps__item_content order-md-last  mx-md-0 collapse\" id=\"collapseDelivery\" data-parent=\"#accordionSteps\">\n\t\t\t\t\t<article class=\"steps__item__article\"><div class=\"row\">\n\t\t\t\t\t\t<div class=\"col-md col-12\">\n\t\t\t\t\t\t\t<h5><strong>Dostarczamy<\/strong> Tw\u00f3j produkt na Twoich warunkach<\/h5>\n\t\t\t\t\t\t\t<p>Posiadamy bogate zaplecze magazynowe. Nasz wysoce rotuj\u0105cy magazyn gwarantuje szybkie terminy dostaw. Zapewniamy skuteczn\u0105 obs\u0142ug\u0119 wysokiej jako\u015bci.<\/p>\n\t\t\t\t\t\t<\/div>\n\t\t\t\t\t\t<div class=\"col-md col-12 text-center text-md-right order-first order-md-last mb-4 mb-md-0\"><img decoding=\"async\" src=\"https:\/\/www.optiontapespecialties.com\/wp-content\/uploads\/2020\/07\/steps-img-4-1.jpg\" alt=\"Steps product\"><\/div><\/div>\n\t\t\t\t\t<\/article>\n\t\t\t\t\t<div class=\"text-center pt-1 mt-3 d-none d-md-block\"><a class=\"btn btn-primary popup-window\" data-toggle=\"modal\" data-target=\"#privateDatasheets1\" data-title=\"Chcia\u0142bym dowiedzie\u0107 si\u0119 wi\u0119cej o marce w\u0142asnej\" href=\"#privateDatasheets1\">Zaczynajmy<\/a><\/div>\n\t\t\t\t<\/li>\n\t\t\t<\/ol>\n\t\t<div class=\"text-center d-md-none pt-4\"><a class=\"btn btn-lg border-0 btn-primary popup-window\" data-toggle=\"modal\" data-target=\"#privateDatasheets1\" data-title=\"Chcia\u0142bym dowiedzie\u0107 si\u0119 wi\u0119cej o marce w\u0142asnej\" href=\"#privateDatasheets1\">Zaczynajmy<\/a><\/div>\n\t\t<\/div>\t\t<div class=\"elementor-shortcode\"><\/div>\n\t\t\t\t\t\t<\/div>\n\t\t\t\t<\/div>\n\t\t\t\t\t<\/div>\n\t\t<\/div>\n\t\t\t\t\t<\/div>\n\t\t<\/section>\n\t\t\t\t<\/div>\n\t\t","protected":false},"excerpt":{"rendered":"<p>MARKA W\u0141ASNATA\u015aM KLEJ\u0104CYCH<\/p>\n","protected":false},"author":3,"featured_media":3547,"parent":0,"menu_order":0,"comment_status":"closed","ping_status":"closed","template":"","meta":{"_acf_changed":false,"_exactmetrics_skip_tracking":false,"_exactmetrics_sitenote_active":false,"_exactmetrics_sitenote_note":"","_exactmetrics_sitenote_category":0,"_monsterinsights_skip_tracking":false,"_monsterinsights_sitenote_active":false,"_monsterinsights_sitenote_note":"","_monsterinsights_sitenote_category":0,"footnotes":""},"class_list":["post-70","page","type-page","status-publish","has-post-thumbnail","hentry"],"acf":[],"aioseo_notices":[],"_links":{"self":[{"href":"https:\/\/www.optiontapespecialties.com\/pl\/wp-json\/wp\/v2\/pages\/70","targetHints":{"allow":["GET"]}}],"collection":[{"href":"https:\/\/www.optiontapespecialties.com\/pl\/wp-json\/wp\/v2\/pages"}],"about":[{"href":"https:\/\/www.optiontapespecialties.com\/pl\/wp-json\/wp\/v2\/types\/page"}],"author":[{"embeddable":true,"href":"https:\/\/www.optiontapespecialties.com\/pl\/wp-json\/wp\/v2\/users\/3"}],"replies":[{"embeddable":true,"href":"https:\/\/www.optiontapespecialties.com\/pl\/wp-json\/wp\/v2\/comments?post=70"}],"version-history":[{"count":7,"href":"https:\/\/www.optiontapespecialties.com\/pl\/wp-json\/wp\/v2\/pages\/70\/revisions"}],"predecessor-version":[{"id":4111,"href":"https:\/\/www.optiontapespecialties.com\/pl\/wp-json\/wp\/v2\/pages\/70\/revisions\/4111"}],"wp:featuredmedia":[{"embeddable":true,"href":"https:\/\/www.optiontapespecialties.com\/pl\/wp-json\/wp\/v2\/media\/3547"}],"wp:attachment":[{"href":"https:\/\/www.optiontapespecialties.com\/pl\/wp-json\/wp\/v2\/media?parent=70"}],"curies":[{"name":"wp","href":"https:\/\/api.w.org\/{rel}","templated":true}]}}